{"id":887,"date":"2024-03-01T12:56:49","date_gmt":"2024-03-01T12:56:49","guid":{"rendered":"https:\/\/hrlytic.net\/blog\/"},"modified":"2024-04-03T12:31:19","modified_gmt":"2024-04-03T12:31:19","slug":"blog","status":"publish","type":"page","link":"https:\/\/hrlytic.net\/tr\/blog\/","title":{"rendered":"Blog"},"content":{"rendered":"\t\t<div data-elementor-type=\"wp-page\" data-elementor-id=\"887\" class=\"elementor elementor-887 elementor-217\" data-elementor-post-type=\"page\">\n\t\t\t\t\t\t<section class=\"elementor-section elementor-top-section elementor-element elementor-element-595cc47 elementor-hidden-mobile elementor-section-boxed elementor-section-height-default elementor-section-height-default\" data-id=\"595cc47\" data-element_type=\"section\" data-e-type=\"section\" data-settings=\"{&quot;background_background&quot;:&quot;classic&quot;}\">\n\t\t\t\t\t\t<div class=\"elementor-container elementor-column-gap-default\">\n\t\t\t\t\t<div class=\"elementor-column elementor-col-100 elementor-top-column elementor-element elementor-element-3f5c27b\" data-id=\"3f5c27b\" data-element_type=\"column\" data-e-type=\"column\">\n\t\t\t<div class=\"elementor-widget-wrap elementor-element-populated\">\n\t\t\t\t\t\t<div class=\"elementor-element elementor-element-1f5474f elementor-widget__width-auto elementor-widget elementor-widget-heading\" data-id=\"1f5474f\" data-element_type=\"widget\" data-e-type=\"widget\" data-widget_type=\"heading.default\">\n\t\t\t\t<div class=\"elementor-widget-container\">\n\t\t\t\t\t<span class=\"elementor-heading-title elementor-size-default\"><a href=\"http:\/\/hrlytic.net\/?p=1711\">Anasayfa<\/a><\/span>\t\t\t\t<\/div>\n\t\t\t\t<\/div>\n\t\t\t\t<div class=\"elementor-element elementor-element-f0b6f5a elementor-widget__width-initial elementor-view-default elementor-widget elementor-widget-icon\" data-id=\"f0b6f5a\" data-element_type=\"widget\" data-e-type=\"widget\" data-widget_type=\"icon.default\">\n\t\t\t\t<div class=\"elementor-widget-container\">\n\t\t\t\t\t\t\t<div class=\"elementor-icon-wrapper\">\n\t\t\t<div class=\"elementor-icon\">\n\t\t\t<i aria-hidden=\"true\" class=\"icon icon-chevron-right\"><\/i>\t\t\t<\/div>\n\t\t<\/div>\n\t\t\t\t\t\t<\/div>\n\t\t\t\t<\/div>\n\t\t\t\t<div class=\"elementor-element elementor-element-46e85d5 elementor-widget__width-auto elementor-widget elementor-widget-heading\" data-id=\"46e85d5\" data-element_type=\"widget\" data-e-type=\"widget\" data-widget_type=\"heading.default\">\n\t\t\t\t<div class=\"elementor-widget-container\">\n\t\t\t\t\t<span class=\"elementor-heading-title elementor-size-default\"><a href=\"http:\/\/hrlytic.net\/tr\/blog\/\">Blog<\/a><\/span>\t\t\t\t<\/div>\n\t\t\t\t<\/div>\n\t\t\t\t\t<\/div>\n\t\t<\/div>\n\t\t\t\t\t<\/div>\n\t\t<\/section>\n\t\t<div class=\"elementor-element elementor-element-28b718b e-flex e-con-boxed e-con e-parent\" data-id=\"28b718b\" data-element_type=\"container\" data-e-type=\"container\" data-settings=\"{&quot;background_background&quot;:&quot;classic&quot;}\">\n\t\t\t\t\t<div class=\"e-con-inner\">\n\t\t\t\t<div class=\"elementor-element elementor-element-ec368a2 elementor-widget elementor-widget-heading\" data-id=\"ec368a2\" data-element_type=\"widget\" data-e-type=\"widget\" data-widget_type=\"heading.default\">\n\t\t\t\t<div class=\"elementor-widget-container\">\n\t\t\t\t\t<h1 class=\"elementor-heading-title elementor-size-default\">Blog<\/h1>\t\t\t\t<\/div>\n\t\t\t\t<\/div>\n\t\t\t\t<div class=\"elementor-element elementor-element-5149412 elementor-widget elementor-widget-text-editor\" data-id=\"5149412\" data-element_type=\"widget\" data-e-type=\"widget\" data-widget_type=\"text-editor.default\">\n\t\t\t\t<div class=\"elementor-widget-container\">\n\t\t\t\t\t\t\t\t\t<p>Ekibimiz, harika \u00fcr\u00fcn tasar\u0131m\u0131 yapman\u0131n yeni olanaklar\u0131n\u0131 getiriyor.<\/p>\n\t\t\t\t\t\t\t\t<\/div>\n\t\t\t\t<\/div>\n\t\t\t\t\t<\/div>\n\t\t\t\t<\/div>\n\t\t<div class=\"elementor-element elementor-element-18476b4 e-con-full e-flex e-con e-parent\" data-id=\"18476b4\" data-element_type=\"container\" data-e-type=\"container\">\n\t\t\t\t<\/div>\n\t\t\t\t<\/div>\n\t\t","protected":false},"excerpt":{"rendered":"<p>Anasayfa Blog Blog Ekibimiz, harika \u00fcr\u00fcn tasar\u0131m\u0131 yapman\u0131n yeni olanaklar\u0131n\u0131 getiriyor. Silent Quitting Prevention in HR: Ultimate Guide for HR Pros (2024) Workforce Planning and Analytics the Ultimate Guide (2024) People&#8217;s Analytics: Learn More About Your Workforce (2023) DEIB: How to Create More Inclusive Workplace (2024) Workforce Reduction: Ultimate Guide for HR (2024) Talent Analytics: [&hellip;]<\/p>\n","protected":false},"author":1,"featured_media":0,"parent":0,"menu_order":0,"comment_status":"closed","ping_status":"closed","template":"","meta":{"footnotes":""},"class_list":["post-887","page","type-page","status-publish","hentry"],"_links":{"self":[{"href":"https:\/\/hrlytic.net\/tr\/wp-json\/wp\/v2\/pages\/887","targetHints":{"allow":["GET"]}}],"collection":[{"href":"https:\/\/hrlytic.net\/tr\/wp-json\/wp\/v2\/pages"}],"about":[{"href":"https:\/\/hrlytic.net\/tr\/wp-json\/wp\/v2\/types\/page"}],"author":[{"embeddable":true,"href":"https:\/\/hrlytic.net\/tr\/wp-json\/wp\/v2\/users\/1"}],"replies":[{"embeddable":true,"href":"https:\/\/hrlytic.net\/tr\/wp-json\/wp\/v2\/comments?post=887"}],"version-history":[{"count":4,"href":"https:\/\/hrlytic.net\/tr\/wp-json\/wp\/v2\/pages\/887\/revisions"}],"predecessor-version":[{"id":1724,"href":"https:\/\/hrlytic.net\/tr\/wp-json\/wp\/v2\/pages\/887\/revisions\/1724"}],"wp:attachment":[{"href":"https:\/\/hrlytic.net\/tr\/wp-json\/wp\/v2\/media?parent=887"}],"curies":[{"name":"wp","href":"https:\/\/api.w.org\/{rel}","templated":true}]}}