{"id":854,"date":"2024-03-01T12:39:34","date_gmt":"2024-03-01T12:39:34","guid":{"rendered":"https:\/\/hrlytic.net\/sss\/"},"modified":"2024-03-21T14:07:39","modified_gmt":"2024-03-21T14:07:39","slug":"sss","status":"publish","type":"page","link":"https:\/\/hrlytic.net\/tr\/sss\/","title":{"rendered":"SSS"},"content":{"rendered":"\t\t<div data-elementor-type=\"wp-page\" data-elementor-id=\"854\" class=\"elementor elementor-854 elementor-155\" data-elementor-post-type=\"page\">\n\t\t\t\t\t\t<section class=\"elementor-section elementor-top-section elementor-element elementor-element-05d034a elementor-hidden-mobile elementor-section-boxed elementor-section-height-default elementor-section-height-default\" data-id=\"05d034a\" data-element_type=\"section\" data-e-type=\"section\" data-settings=\"{&quot;background_background&quot;:&quot;classic&quot;}\">\n\t\t\t\t\t\t<div class=\"elementor-container elementor-column-gap-default\">\n\t\t\t\t\t<div class=\"elementor-column elementor-col-100 elementor-top-column elementor-element elementor-element-e8e4568\" data-id=\"e8e4568\" data-element_type=\"column\" data-e-type=\"column\">\n\t\t\t<div class=\"elementor-widget-wrap elementor-element-populated\">\n\t\t\t\t\t\t<div class=\"elementor-element elementor-element-765dcf3 elementor-widget__width-auto elementor-widget elementor-widget-heading\" data-id=\"765dcf3\" data-element_type=\"widget\" data-e-type=\"widget\" data-widget_type=\"heading.default\">\n\t\t\t\t<div class=\"elementor-widget-container\">\n\t\t\t\t\t<span class=\"elementor-heading-title elementor-size-default\">Kaynaklar<\/span>\t\t\t\t<\/div>\n\t\t\t\t<\/div>\n\t\t\t\t<div class=\"elementor-element elementor-element-ebd20ee elementor-widget__width-initial elementor-view-default elementor-widget elementor-widget-icon\" data-id=\"ebd20ee\" data-element_type=\"widget\" data-e-type=\"widget\" data-widget_type=\"icon.default\">\n\t\t\t\t<div class=\"elementor-widget-container\">\n\t\t\t\t\t\t\t<div class=\"elementor-icon-wrapper\">\n\t\t\t<div class=\"elementor-icon\">\n\t\t\t<i aria-hidden=\"true\" class=\"icon icon-chevron-right\"><\/i>\t\t\t<\/div>\n\t\t<\/div>\n\t\t\t\t\t\t<\/div>\n\t\t\t\t<\/div>\n\t\t\t\t<div class=\"elementor-element elementor-element-11a1451 elementor-widget__width-auto elementor-widget elementor-widget-heading\" data-id=\"11a1451\" data-element_type=\"widget\" data-e-type=\"widget\" data-widget_type=\"heading.default\">\n\t\t\t\t<div class=\"elementor-widget-container\">\n\t\t\t\t\t<span class=\"elementor-heading-title elementor-size-default\"><a href=\"http:\/\/hrlytic.net\/tr\/sss\/\">SSS<\/a><\/span>\t\t\t\t<\/div>\n\t\t\t\t<\/div>\n\t\t\t\t\t<\/div>\n\t\t<\/div>\n\t\t\t\t\t<\/div>\n\t\t<\/section>\n\t\t\t\t<section class=\"elementor-section elementor-top-section elementor-element elementor-element-d635d0a elementor-section-boxed elementor-section-height-default elementor-section-height-default\" data-id=\"d635d0a\" data-element_type=\"section\" data-e-type=\"section\" data-settings=\"{&quot;background_background&quot;:&quot;classic&quot;}\">\n\t\t\t\t\t\t<div class=\"elementor-container elementor-column-gap-default\">\n\t\t\t\t\t<div class=\"elementor-column elementor-col-100 elementor-top-column elementor-element elementor-element-732f182\" data-id=\"732f182\" data-element_type=\"column\" data-e-type=\"column\">\n\t\t\t<div class=\"elementor-widget-wrap elementor-element-populated\">\n\t\t\t\t\t\t<div class=\"elementor-element elementor-element-8bcf685 elementor-widget__width-auto elementor-widget elementor-widget-image\" data-id=\"8bcf685\" data-element_type=\"widget\" data-e-type=\"widget\" data-widget_type=\"image.default\">\n\t\t\t\t<div class=\"elementor-widget-container\">\n\t\t\t\t\t\t\t\t\t\t\t\t\t\t\t<img decoding=\"async\" width=\"40\" height=\"41\" src=\"https:\/\/hrlytic.net\/wp-content\/uploads\/2024\/03\/faqhand.png\" class=\"attachment-full size-full wp-image-465\" alt=\"\" \/>\t\t\t\t\t\t\t\t\t\t\t\t\t\t\t<\/div>\n\t\t\t\t<\/div>\n\t\t\t\t<div class=\"elementor-element elementor-element-a39246b elementor-widget__width-auto elementor-widget elementor-widget-heading\" data-id=\"a39246b\" data-element_type=\"widget\" data-e-type=\"widget\" data-widget_type=\"heading.default\">\n\t\t\t\t<div class=\"elementor-widget-container\">\n\t\t\t\t\t<h1 class=\"elementor-heading-title elementor-size-default\">Yard\u0131m Merkezi<\/h1>\t\t\t\t<\/div>\n\t\t\t\t<\/div>\n\t\t\t\t<div class=\"elementor-element elementor-element-fcb571a elementor-widget__width-initial elementor-widget-mobile__width-inherit elementor-widget elementor-widget-text-editor\" data-id=\"fcb571a\" data-element_type=\"widget\" data-e-type=\"widget\" data-widget_type=\"text-editor.default\">\n\t\t\t\t<div class=\"elementor-widget-container\">\n\t\t\t\t\t\t\t\t\t<p>Sorular\u0131n\u0131za cevap ar\u0131yor olman\u0131zdan memnuniyet duyuyoruz.<\/p>\t\t\t\t\t\t\t\t<\/div>\n\t\t\t\t<\/div>\n\t\t\t\t<div class=\"elementor-element elementor-element-873a9bb elementor-widget__width-auto elementor-widget elementor-widget-text-editor\" data-id=\"873a9bb\" data-element_type=\"widget\" data-e-type=\"widget\" data-widget_type=\"text-editor.default\">\n\t\t\t\t<div class=\"elementor-widget-container\">\n\t\t\t\t\t\t\t\t\t<p>Arad\u0131\u011f\u0131n\u0131z cevab\u0131 bulamad\u0131ysan\u0131z uzmanlar\u0131m\u0131z ile <a href=\"http:\/\/hrlytic.net\/tr\/iletisim\/\">hemen ileti\u015fime ge\u00e7ebilirsiniz<\/a>.<\/p>\t\t\t\t\t\t\t\t<\/div>\n\t\t\t\t<\/div>\n\t\t\t\t\t<\/div>\n\t\t<\/div>\n\t\t\t\t\t<\/div>\n\t\t<\/section>\n\t\t\t\t<section class=\"elementor-section elementor-top-section elementor-element elementor-element-2064908 elementor-section-boxed elementor-section-height-default elementor-section-height-default\" data-id=\"2064908\" data-element_type=\"section\" data-e-type=\"section\" data-settings=\"{&quot;background_background&quot;:&quot;classic&quot;}\">\n\t\t\t\t\t\t<div class=\"elementor-container elementor-column-gap-default\">\n\t\t\t\t\t<div class=\"elementor-column elementor-col-100 elementor-top-column elementor-element elementor-element-a02ffcc\" data-id=\"a02ffcc\" data-element_type=\"column\" data-e-type=\"column\">\n\t\t\t<div class=\"elementor-widget-wrap elementor-element-populated\">\n\t\t\t\t\t\t<div class=\"elementor-element elementor-element-69b577d elementor-widget elementor-widget-heading\" data-id=\"69b577d\" data-element_type=\"widget\" data-e-type=\"widget\" data-widget_type=\"heading.default\">\n\t\t\t\t<div class=\"elementor-widget-container\">\n\t\t\t\t\t<h2 class=\"elementor-heading-title elementor-size-default\">SORULAR &amp; CEVAPLAR<\/h2>\t\t\t\t<\/div>\n\t\t\t\t<\/div>\n\t\t<div class=\"elementor-element elementor-element-b11054f e-con-full e-flex e-con e-parent\" data-id=\"b11054f\" data-element_type=\"container\" data-e-type=\"container\">\n\t\t<div class=\"elementor-element elementor-element-ef7f726 e-con-full e-flex e-con e-child\" data-id=\"ef7f726\" data-element_type=\"container\" data-e-type=\"container\">\n\t\t\t\t<div class=\"elementor-element elementor-element-e8d1c56 elementor-widget elementor-widget-heading\" data-id=\"e8d1c56\" data-element_type=\"widget\" data-e-type=\"widget\" data-widget_type=\"heading.default\">\n\t\t\t\t<div class=\"elementor-widget-container\">\n\t\t\t\t\t<h2 class=\"elementor-heading-title elementor-size-default\">Soru sormaktan \u00e7ekinmeyin, sorular\u0131n\u0131z bizim i\u00e7in de\u011ferli!\n<\/h2>\t\t\t\t<\/div>\n\t\t\t\t<\/div>\n\t\t\t\t<\/div>\n\t\t<div class=\"elementor-element elementor-element-344ac66 e-con-full e-flex e-con e-child\" data-id=\"344ac66\" data-element_type=\"container\" data-e-type=\"container\">\n\t\t\t\t<div class=\"elementor-element elementor-element-6636197 elementor-widget__width-inherit elementor-widget-tablet__width-inherit elementor-widget-mobile__width-inherit elementor-widget elementor-widget-text-editor\" data-id=\"6636197\" data-element_type=\"widget\" data-e-type=\"widget\" data-widget_type=\"text-editor.default\">\n\t\t\t\t<div class=\"elementor-widget-container\">\n\t\t\t\t\t\t\t\t\t<p>HRLYTIC&#8217;in ihtiya\u00e7lar\u0131n\u0131za uygun olup olmad\u0131\u011f\u0131n\u0131 belirlemenize yard\u0131mc\u0131 olmak i\u00e7in en s\u0131k sorulan sorular\u0131 sizler i\u00e7in derledik.<\/p>\t\t\t\t\t\t\t\t<\/div>\n\t\t\t\t<\/div>\n\t\t\t\t<\/div>\n\t\t\t\t<\/div>\n\t\t\t\t\t<\/div>\n\t\t<\/div>\n\t\t\t\t\t<\/div>\n\t\t<\/section>\n\t\t<div class=\"elementor-element elementor-element-326124f e-flex e-con-boxed e-con e-parent\" data-id=\"326124f\" data-element_type=\"container\" data-e-type=\"container\" data-settings=\"{&quot;background_background&quot;:&quot;classic&quot;}\">\n\t\t\t\t\t<div class=\"e-con-inner\">\n\t\t\t\t<div class=\"elementor-element elementor-element-f4ea952 elementor-widget elementor-widget-elementskit-accordion\" data-id=\"f4ea952\" data-element_type=\"widget\" data-e-type=\"widget\" data-widget_type=\"elementskit-accordion.default\">\n\t\t\t\t<div class=\"elementor-widget-container\">\n\t\t\t\t\t<div class=\"ekit-wid-con\" >\n        <div class=\"elementskit-accordion accoedion-primary\" id=\"accordion-69e3fcd3496a3\">\n\n            \n                <div class=\"elementskit-card active\">\n                    <div class=\"elementskit-card-header\" id=\"primaryHeading-0-f4ea952\">\n                        <a href=\"#collapse-104728369e3fcd3496a3\" class=\"ekit-accordion--toggler elementskit-btn-link collapsed\" data-ekit-toggle=\"collapse\" data-target=\"#Collapse-104728369e3fcd3496a3\" aria-expanded=\"true\" aria-controls=\"Collapse-104728369e3fcd3496a3\">\n                            \n                            <span class=\"ekit-accordion-title\">HRLYTIC G\u00fcvenli Bir Platform mu?<\/span>\n\n                            \n                                <div class=\"ekit_accordion_icon_group\">\n                                    <div class=\"ekit_accordion_normal_icon\">\n                                        <!-- Normal Icon -->\n\t\t\t\t\t\t\t\t\t\t<i class=\"xlmetriz metriz-arrow-down\"><\/i>                                    <\/div>\n\n                                    <div class=\"ekit_accordion_active_icon\">\n                                        <!-- Active Icon -->\n\t\t\t\t\t\t\t\t\t\t<i class=\"xlmetriz metriz-arrow-up\"><\/i>                                    <\/div>\n                                <\/div>\n\n                            \n                                                    <\/a>\n                    <\/div>\n\n                    <div id=\"Collapse-104728369e3fcd3496a3\" class=\" show collapse\" aria-labelledby=\"primaryHeading-0-f4ea952\" data-parent=\"#accordion-69e3fcd3496a3\">\n\n                        <div class=\"elementskit-card-body ekit-accordion--content\">\n                            <p>Evet, HRLYTIC veri g\u00fcvenli\u011finizi \u00f6nceliklendirir. En yeni g\u00fcvenlik teknolojilerini kullan\u0131r ve bilgilerinizi korumak i\u00e7in sekt\u00f6r standartlar\u0131na uygun hareket ederiz.<\/p>                        <\/div>\n\n                    <\/div>\n\n                <\/div><!-- .elementskit-card END -->\n\n                \n                <div class=\"elementskit-card \">\n                    <div class=\"elementskit-card-header\" id=\"primaryHeading-1-f4ea952\">\n                        <a href=\"#collapse-deb282069e3fcd3496a3\" class=\"ekit-accordion--toggler elementskit-btn-link collapsed\" data-ekit-toggle=\"collapse\" data-target=\"#Collapse-deb282069e3fcd3496a3\" aria-expanded=\"false\" aria-controls=\"Collapse-deb282069e3fcd3496a3\">\n                            \n                            <span class=\"ekit-accordion-title\">HRLYTIC Di\u011fer \u0130K Sistemleriyle Nas\u0131l Entegre Olur?<\/span>\n\n                            \n                                <div class=\"ekit_accordion_icon_group\">\n                                    <div class=\"ekit_accordion_normal_icon\">\n                                        <!-- Normal Icon -->\n\t\t\t\t\t\t\t\t\t\t<i class=\"xlmetriz metriz-arrow-down\"><\/i>                                    <\/div>\n\n                                    <div class=\"ekit_accordion_active_icon\">\n                                        <!-- Active Icon -->\n\t\t\t\t\t\t\t\t\t\t<i class=\"xlmetriz metriz-arrow-up\"><\/i>                                    <\/div>\n                                <\/div>\n\n                            \n                                                    <\/a>\n                    <\/div>\n\n                    <div id=\"Collapse-deb282069e3fcd3496a3\" class=\" collapse\" aria-labelledby=\"primaryHeading-1-f4ea952\" data-parent=\"#accordion-69e3fcd3496a3\">\n\n                        <div class=\"elementskit-card-body ekit-accordion--content\">\n                            <p>HRLYTIC, \u00e7e\u015fitli \u0130K sistemleriyle sorunsuz bir \u015fekilde ba\u011flant\u0131 kurabilen esnek bir entegrasyon \u00e7er\u00e7evesi sunar, b\u00f6ylece veri ak\u0131\u015f\u0131 sorunsuz bir \u015fekilde sa\u011flan\u0131r.<\/p>                        <\/div>\n\n                    <\/div>\n\n                <\/div><!-- .elementskit-card END -->\n\n                \n                <div class=\"elementskit-card \">\n                    <div class=\"elementskit-card-header\" id=\"primaryHeading-2-f4ea952\">\n                        <a href=\"#collapse-f2c89b569e3fcd3496a3\" class=\"ekit-accordion--toggler elementskit-btn-link collapsed\" data-ekit-toggle=\"collapse\" data-target=\"#Collapse-f2c89b569e3fcd3496a3\" aria-expanded=\"false\" aria-controls=\"Collapse-f2c89b569e3fcd3496a3\">\n                            \n                            <span class=\"ekit-accordion-title\">HRLYTIC&#039;te \u00d6zel Raporlar Olu\u015fturabilir miyim?<\/span>\n\n                            \n                                <div class=\"ekit_accordion_icon_group\">\n                                    <div class=\"ekit_accordion_normal_icon\">\n                                        <!-- Normal Icon -->\n\t\t\t\t\t\t\t\t\t\t<i class=\"xlmetriz metriz-arrow-down\"><\/i>                                    <\/div>\n\n                                    <div class=\"ekit_accordion_active_icon\">\n                                        <!-- Active Icon -->\n\t\t\t\t\t\t\t\t\t\t<i class=\"xlmetriz metriz-arrow-up\"><\/i>                                    <\/div>\n                                <\/div>\n\n                            \n                                                    <\/a>\n                    <\/div>\n\n                    <div id=\"Collapse-f2c89b569e3fcd3496a3\" class=\" collapse\" aria-labelledby=\"primaryHeading-2-f4ea952\" data-parent=\"#accordion-69e3fcd3496a3\">\n\n                        <div class=\"elementskit-card-body ekit-accordion--content\">\n                            <p>Kesinlikle! HRLYTIC, organizasyonunuzun benzersiz ihtiya\u00e7lar\u0131na uygun \u00f6zel raporlar olu\u015fturman\u0131za olanak tan\u0131r.<\/p>                        <\/div>\n\n                    <\/div>\n\n                <\/div><!-- .elementskit-card END -->\n\n                \n                <div class=\"elementskit-card \">\n                    <div class=\"elementskit-card-header\" id=\"primaryHeading-3-f4ea952\">\n                        <a href=\"#collapse-6340f2969e3fcd3496a3\" class=\"ekit-accordion--toggler elementskit-btn-link collapsed\" data-ekit-toggle=\"collapse\" data-target=\"#Collapse-6340f2969e3fcd3496a3\" aria-expanded=\"false\" aria-controls=\"Collapse-6340f2969e3fcd3496a3\">\n                            \n                            <span class=\"ekit-accordion-title\">HRLYTIC&#039;in Maliyeti Nedir?<\/span>\n\n                            \n                                <div class=\"ekit_accordion_icon_group\">\n                                    <div class=\"ekit_accordion_normal_icon\">\n                                        <!-- Normal Icon -->\n\t\t\t\t\t\t\t\t\t\t<i class=\"xlmetriz metriz-arrow-down\"><\/i>                                    <\/div>\n\n                                    <div class=\"ekit_accordion_active_icon\">\n                                        <!-- Active Icon -->\n\t\t\t\t\t\t\t\t\t\t<i class=\"xlmetriz metriz-arrow-up\"><\/i>                                    <\/div>\n                                <\/div>\n\n                            \n                                                    <\/a>\n                    <\/div>\n\n                    <div id=\"Collapse-6340f2969e3fcd3496a3\" class=\" collapse\" aria-labelledby=\"primaryHeading-3-f4ea952\" data-parent=\"#accordion-69e3fcd3496a3\">\n\n                        <div class=\"elementskit-card-body ekit-accordion--content\">\n                            <p>HRLYTIC, her b\u00fcy\u00fckl\u00fckteki organizasyona hitap eden \u00e7e\u015fitli fiyatland\u0131rma planlar\u0131 sunar. Detayl\u0131 fiyatland\u0131rma bilgisi i\u00e7in HRLYTIC sat\u0131\u015f ekibi ile ileti\u015fime ge\u00e7in.<\/p>                        <\/div>\n\n                    <\/div>\n\n                <\/div><!-- .elementskit-card END -->\n\n                \n                <div class=\"elementskit-card \">\n                    <div class=\"elementskit-card-header\" id=\"primaryHeading-4-f4ea952\">\n                        <a href=\"#collapse-6e3b43f69e3fcd3496a3\" class=\"ekit-accordion--toggler elementskit-btn-link collapsed\" data-ekit-toggle=\"collapse\" data-target=\"#Collapse-6e3b43f69e3fcd3496a3\" aria-expanded=\"false\" aria-controls=\"Collapse-6e3b43f69e3fcd3496a3\">\n                            \n                            <span class=\"ekit-accordion-title\">HRLYTIC Hangi Destek Se\u00e7eneklerini Sunar?<\/span>\n\n                            \n                                <div class=\"ekit_accordion_icon_group\">\n                                    <div class=\"ekit_accordion_normal_icon\">\n                                        <!-- Normal Icon -->\n\t\t\t\t\t\t\t\t\t\t<i class=\"xlmetriz metriz-arrow-down\"><\/i>                                    <\/div>\n\n                                    <div class=\"ekit_accordion_active_icon\">\n                                        <!-- Active Icon -->\n\t\t\t\t\t\t\t\t\t\t<i class=\"xlmetriz metriz-arrow-up\"><\/i>                                    <\/div>\n                                <\/div>\n\n                            \n                                                    <\/a>\n                    <\/div>\n\n                    <div id=\"Collapse-6e3b43f69e3fcd3496a3\" class=\" collapse\" aria-labelledby=\"primaryHeading-4-f4ea952\" data-parent=\"#accordion-69e3fcd3496a3\">\n\n                        <div class=\"elementskit-card-body ekit-accordion--content\">\n                            <p>HRLYTIC, e-posta ve canl\u0131 sohbet deste\u011fi dahil olmak \u00fczere \u00e7e\u015fitli destek kanallar\u0131 sunar. Ayr\u0131ca, platform kullan\u0131m\u0131 hakk\u0131nda yard\u0131mc\u0131 makalelerle dolu bilgi bankam\u0131z\u0131 ke\u015ffedebilirsiniz.<\/p>                        <\/div>\n\n                    <\/div>\n\n                <\/div><!-- .elementskit-card END -->\n\n                \n                <div class=\"elementskit-card \">\n                    <div class=\"elementskit-card-header\" id=\"primaryHeading-5-f4ea952\">\n                        <a href=\"#collapse-ad86b1469e3fcd3496a3\" class=\"ekit-accordion--toggler elementskit-btn-link collapsed\" data-ekit-toggle=\"collapse\" data-target=\"#Collapse-ad86b1469e3fcd3496a3\" aria-expanded=\"false\" aria-controls=\"Collapse-ad86b1469e3fcd3496a3\">\n                            \n                            <span class=\"ekit-accordion-title\">Kurulu\u015fumda Ba\u015fkalar\u0131yla \u0130K Veri Raporlar\u0131n\u0131 Payla\u015fabilir miyim?<\/span>\n\n                            \n                                <div class=\"ekit_accordion_icon_group\">\n                                    <div class=\"ekit_accordion_normal_icon\">\n                                        <!-- Normal Icon -->\n\t\t\t\t\t\t\t\t\t\t<i class=\"xlmetriz metriz-arrow-down\"><\/i>                                    <\/div>\n\n                                    <div class=\"ekit_accordion_active_icon\">\n                                        <!-- Active Icon -->\n\t\t\t\t\t\t\t\t\t\t<i class=\"xlmetriz metriz-arrow-up\"><\/i>                                    <\/div>\n                                <\/div>\n\n                            \n                                                    <\/a>\n                    <\/div>\n\n                    <div id=\"Collapse-ad86b1469e3fcd3496a3\" class=\" collapse\" aria-labelledby=\"primaryHeading-5-f4ea952\" data-parent=\"#accordion-69e3fcd3496a3\">\n\n                        <div class=\"elementskit-card-body ekit-accordion--content\">\n                            <p>Evet, HRLYTIC kullanarak kurulu\u015funuzdaki di\u011fer ki\u015filerle \u0130K veri raporlar\u0131n\u0131 payla\u015fabilirsiniz. Platformumuz, verilere ve raporlara ihtiya\u00e7 duyanlara farkl\u0131 eri\u015fim seviyeleri sa\u011flayarak bunu m\u00fcmk\u00fcn k\u0131lar.<\/p>                        <\/div>\n\n                    <\/div>\n\n                <\/div><!-- .elementskit-card END -->\n\n                \n                <div class=\"elementskit-card \">\n                    <div class=\"elementskit-card-header\" id=\"primaryHeading-6-f4ea952\">\n                        <a href=\"#collapse-20f9b3c69e3fcd3496a3\" class=\"ekit-accordion--toggler elementskit-btn-link collapsed\" data-ekit-toggle=\"collapse\" data-target=\"#Collapse-20f9b3c69e3fcd3496a3\" aria-expanded=\"false\" aria-controls=\"Collapse-20f9b3c69e3fcd3496a3\">\n                            \n                            <span class=\"ekit-accordion-title\">Birden Fazla Sistem Kullan\u0131yoruz. Bu Sistemlerden Gelen Verileri Birle\u015ftirebilir miyim?<\/span>\n\n                            \n                                <div class=\"ekit_accordion_icon_group\">\n                                    <div class=\"ekit_accordion_normal_icon\">\n                                        <!-- Normal Icon -->\n\t\t\t\t\t\t\t\t\t\t<i class=\"xlmetriz metriz-arrow-down\"><\/i>                                    <\/div>\n\n                                    <div class=\"ekit_accordion_active_icon\">\n                                        <!-- Active Icon -->\n\t\t\t\t\t\t\t\t\t\t<i class=\"xlmetriz metriz-arrow-up\"><\/i>                                    <\/div>\n                                <\/div>\n\n                            \n                                                    <\/a>\n                    <\/div>\n\n                    <div id=\"Collapse-20f9b3c69e3fcd3496a3\" class=\" collapse\" aria-labelledby=\"primaryHeading-6-f4ea952\" data-parent=\"#accordion-69e3fcd3496a3\">\n\n                        <div class=\"elementskit-card-body ekit-accordion--content\">\n                            <p>Evet, kullanmakta oldu\u011funuz farkl\u0131 sistemlerden gelen \u0130K verilerinizi HRLYTIC'te bir araya getirerek birle\u015ftirebilirsiniz.<\/p>                        <\/div>\n\n                    <\/div>\n\n                <\/div><!-- .elementskit-card END -->\n\n                                        <\/div>\n    <\/div>\t\t\t\t<\/div>\n\t\t\t\t<\/div>\n\t\t\t\t\t<\/div>\n\t\t\t\t<\/div>\n\t\t\t\t<\/div>\n\t\t","protected":false},"excerpt":{"rendered":"<p>Kaynaklar SSS Yard\u0131m Merkezi Sorular\u0131n\u0131za cevap ar\u0131yor olman\u0131zdan memnuniyet duyuyoruz. Arad\u0131\u011f\u0131n\u0131z cevab\u0131 bulamad\u0131ysan\u0131z uzmanlar\u0131m\u0131z ile hemen ileti\u015fime ge\u00e7ebilirsiniz. SORULAR &amp; CEVAPLAR Soru sormaktan \u00e7ekinmeyin, sorular\u0131n\u0131z bizim i\u00e7in de\u011ferli! HRLYTIC&#8217;in ihtiya\u00e7lar\u0131n\u0131za uygun olup olmad\u0131\u011f\u0131n\u0131 belirlemenize yard\u0131mc\u0131 olmak i\u00e7in en s\u0131k sorulan sorular\u0131 sizler i\u00e7in derledik. HRLYTIC G\u00fcvenli Bir Platform mu? Evet, HRLYTIC veri g\u00fcvenli\u011finizi \u00f6nceliklendirir. En [&hellip;]<\/p>\n","protected":false},"author":1,"featured_media":0,"parent":0,"menu_order":0,"comment_status":"closed","ping_status":"closed","template":"","meta":{"footnotes":""},"class_list":["post-854","page","type-page","status-publish","hentry"],"_links":{"self":[{"href":"https:\/\/hrlytic.net\/tr\/wp-json\/wp\/v2\/pages\/854","targetHints":{"allow":["GET"]}}],"collection":[{"href":"https:\/\/hrlytic.net\/tr\/wp-json\/wp\/v2\/pages"}],"about":[{"href":"https:\/\/hrlytic.net\/tr\/wp-json\/wp\/v2\/types\/page"}],"author":[{"embeddable":true,"href":"https:\/\/hrlytic.net\/tr\/wp-json\/wp\/v2\/users\/1"}],"replies":[{"embeddable":true,"href":"https:\/\/hrlytic.net\/tr\/wp-json\/wp\/v2\/comments?post=854"}],"version-history":[{"count":5,"href":"https:\/\/hrlytic.net\/tr\/wp-json\/wp\/v2\/pages\/854\/revisions"}],"predecessor-version":[{"id":1480,"href":"https:\/\/hrlytic.net\/tr\/wp-json\/wp\/v2\/pages\/854\/revisions\/1480"}],"wp:attachment":[{"href":"https:\/\/hrlytic.net\/tr\/wp-json\/wp\/v2\/media?parent=854"}],"curies":[{"name":"wp","href":"https:\/\/api.w.org\/{rel}","templated":true}]}}