{"id":824,"date":"2024-03-01T12:35:47","date_gmt":"2024-03-01T12:35:47","guid":{"rendered":"https:\/\/hrlytic.net\/kisisel-verilerin-islenmesi\/"},"modified":"2024-07-25T06:37:02","modified_gmt":"2024-07-25T06:37:02","slug":"kisisel-verilerin-islenmesi","status":"publish","type":"page","link":"https:\/\/hrlytic.net\/tr\/kisisel-verilerin-islenmesi\/","title":{"rendered":"Ki\u015fisel Verilerin \u0130\u015flenmesi"},"content":{"rendered":"\t\t<div data-elementor-type=\"wp-page\" data-elementor-id=\"824\" class=\"elementor elementor-824 elementor-133\" data-elementor-post-type=\"page\">\n\t\t\t\t<div class=\"elementor-element elementor-element-19888d2 e-flex e-con-boxed e-con e-parent\" data-id=\"19888d2\" data-element_type=\"container\" data-e-type=\"container\">\n\t\t\t\t\t<div class=\"e-con-inner\">\n\t\t\t\t<div class=\"elementor-element elementor-element-68c8f1f elementor-widget elementor-widget-heading\" data-id=\"68c8f1f\" data-element_type=\"widget\" data-e-type=\"widget\" data-widget_type=\"heading.default\">\n\t\t\t\t<div class=\"elementor-widget-container\">\n\t\t\t\t\t<h1 class=\"elementor-heading-title elementor-size-default\">Ki\u015fisel Verilerin \u0130\u015flenmesi<\/h1>\t\t\t\t<\/div>\n\t\t\t\t<\/div>\n\t\t\t\t<div class=\"elementor-element elementor-element-a5d33fa elementor-widget elementor-widget-text-editor\" data-id=\"a5d33fa\" data-element_type=\"widget\" data-e-type=\"widget\" data-widget_type=\"text-editor.default\">\n\t\t\t\t<div class=\"elementor-widget-container\">\n\t\t\t\t\t\t\t\t\t<p>Ba\u015fta \u00f6zel hayat\u0131n gizlili\u011fi olmak \u00fczere ki\u015filerin temel hak ve \u00f6zg\u00fcrl\u00fcklerini korumak ve ki\u015fisel verileri i\u015fleyen ger\u00e7ek ve t\u00fczel ki\u015filerin y\u00fck\u00fcml\u00fcl\u00fcklerini belirlemek amac\u0131yla \u00e7\u0131kar\u0131lan 6698 say\u0131l\u0131 Ki\u015fisel Verilerin Korunmas\u0131 Kanunu (&#8220;KVKK&#8221;) hakk\u0131nda sizleri bilgilendirmek isteriz.<\/p><p>Kanun kapsam\u0131nda ki\u015fisel veri, &#8220;kimli\u011fi belirli veya belirlenebilir ger\u00e7ek ki\u015fiye ili\u015fkin her t\u00fcrl\u00fc bilgi&#8221;; i\u015fleme ise &#8220;tamamen veya k\u0131smen otomatik olan ya da herhangi bir veri kay\u0131t sisteminin par\u00e7as\u0131 olmak kayd\u0131yla otomatik olmayan yollarla elde edilmesi, kaydedilmesi, depolanmas\u0131, muhafaza edilmesi, de\u011fi\u015ftirilmesi, yeniden d\u00fczenlenmesi, a\u00e7\u0131klanmas\u0131, aktar\u0131lmas\u0131, devral\u0131nmas\u0131, elde edilebilir h\u00e2le getirilmesi, s\u0131n\u0131fland\u0131r\u0131lmas\u0131 ya da kullan\u0131lmas\u0131n\u0131n engellenmesi gibi veriler \u00fczerinde ger\u00e7ekle\u015ftirilen her t\u00fcrl\u00fc i\u015flem&#8221; olarak tan\u0131mlanmaktad\u0131r.<\/p><ol><li>Bilgilendirme Metninin Amac\u0131 ve B\u0130S \u00c7\u00d6Z\u00dcM B\u0130LG\u0130SAYAR VE ENTEGRASYON H\u0130ZMETLER\u0130 VE T\u0130C. A.\u015e. (k\u0131saca &#8220;BIS&#8221;):<\/li><\/ol><p>B\u0130S, internet sitemizi ve\/veya mobil uygulamalar\u0131m\u0131z\u0131 kullanan \u00fcyelerinin ve 3. ki\u015filerin ki\u015fisel verilerine ili\u015fkin olarak 6698 say\u0131l\u0131 Ki\u015fisel Verilerin Korunmas\u0131 Kanunu&#8217;nun (&#8220;KVKK&#8221;) 10. maddesi kapsam\u0131nda ayd\u0131nlatma y\u00fck\u00fcml\u00fcl\u00fc\u011f\u00fcn\u00fc yerine getirmek \u00fczere a\u015fa\u011f\u0131daki a\u00e7\u0131klamalar\u0131 sunar. BIS, Ki\u015fisel Verilerin Korunmas\u0131 hakk\u0131ndaki bu A\u00e7\u0131klama metnini, y\u00fcr\u00fcrl\u00fckteki mevzuatta yap\u0131labilecek de\u011fi\u015fiklikler \u00e7er\u00e7evesinde her zaman g\u00fcncelleme hakk\u0131n\u0131 sakl\u0131 tutar.<\/p><ol><li>Kay\u0131tlara Ait Ki\u015fisel Verilerin \u0130\u015flenme ve Aktar\u0131lma Amac\u0131:<\/li><\/ol><p>Ki\u015fisel verileriniz a\u015fa\u011f\u0131daki ama\u00e7lar i\u00e7in kullan\u0131lmaktad\u0131r:<\/p><ul><li>Web sitesi\/mobil uygulamalar \u00fczerinden kay\u0131t olan \u00fcyenin kimli\u011fini teyit etmek,<\/li><li>\u0130leti\u015fim i\u00e7in adres ve di\u011fer gerekli bilgileri kaydetmek,<\/li><li>Kulland\u0131\u011f\u0131n\u0131z mod\u00fcl ile ili\u015fkili \u00e7\u00f6z\u00fcm ortaklar\u0131m\u0131za bilgilerinizi iletmek,<\/li><li>\u00dcyelerimizle ileti\u015fim kurmak, gerekli bildirimleri yapmak, kampanyalar hakk\u0131nda bilgilendirmek,<\/li><li>\u0130\u015flemeye esas te\u015fkil edecek t\u00fcm kay\u0131t ve belgeleri elektronik (internet\/mobil vb.) veya ka\u011f\u0131t ortam\u0131nda d\u00fczenlemek,<\/li><li>Kamu g\u00fcvenli\u011fi ile ilgili konularda talep \u00fczerine ve mevzuat\u0131n gerektirdi\u011fi \u015fekilde kamu g\u00f6revlilerine bilgi sa\u011flamak,<\/li><li>Anla\u015fmal\u0131 kurumlar\u0131m\u0131z ve \u00e7\u00f6z\u00fcm ortaklar\u0131m\u0131z taraf\u0131ndan \u00fcyelerimize \u00f6neriler sunabilmek, hizmetlerimiz hakk\u0131nda \u00fcyelerimizi bilgilendirebilmek,<\/li><li>Yasal y\u00fck\u00fcml\u00fcl\u00fcklerimizi yerine getirebilmek ve y\u00fcr\u00fcrl\u00fckteki mevzuattan do\u011fan haklar\u0131m\u0131z\u0131 kullanabilmek,<\/li><\/ul><p>Doland\u0131r\u0131c\u0131l\u0131k ve di\u011fer yasa d\u0131\u015f\u0131 faaliyetleri \u00f6nlemek i\u00e7in. Verilerin \u00fc\u00e7\u00fcnc\u00fc ki\u015filere aktar\u0131lmas\u0131 s\u0131ras\u0131nda hak ihlallerinin \u00f6nlenmesi i\u00e7in gerekli teknik ve hukuki tedbirler al\u0131nmaktad\u0131r.<\/p><p>Ki\u015fisel verileriniz, do\u011frudan\/dolayl\u0131 yurti\u00e7i\/yurtd\u0131\u015f\u0131 i\u015f ortaklar\u0131m\u0131zla, faaliyetlerimizi y\u00fcr\u00fctmek i\u00e7in i\u015fbirli\u011fi yapt\u0131\u011f\u0131m\u0131z kurumlarla, bulut depolama hizmeti ald\u0131\u011f\u0131m\u0131z yurti\u00e7i\/yurtd\u0131\u015f\u0131 ki\u015fi ve kurumlarla, bili\u015fim ve yaz\u0131l\u0131m d\u00fczenlemeleri i\u00e7in anla\u015fmal\u0131 oldu\u011fumuz yurti\u00e7i\/yurtd\u0131\u015f\u0131 kurulu\u015flarla, ama\u00e7lar\u0131m\u0131z do\u011frultusunda \u00e7e\u015fitli duyuru ve organizasyon faaliyetleri kapsam\u0131nda sizlere daha iyi hizmet verebilmek ve \u00fcyelerimizin memnuniyetini sa\u011flamak i\u00e7in yurti\u00e7i ve yurtd\u0131\u015f\u0131nda \u00e7e\u015fitli ajanslar, reklam \u015firketleri ve anket \u015firketleriyle, yurti\u00e7i ve yurtd\u0131\u015f\u0131nda di\u011fer \u00fc\u00e7\u00fcnc\u00fc ki\u015filerle ve ilgili i\u015f ortaklar\u0131yla payla\u015f\u0131labilecektir.<\/p><p><a href=\"https:\/\/hrlytic.net\/tr\/\">hrlytic.net<\/a> web sitesi veya mobil uygulamalar\u0131 \u00fczerinden i\u015flem yapan m\u00fc\u015fterilerimizin vermi\u015f olduklar\u0131 veriler, BIS taraf\u0131ndan r\u0131zalar\u0131 ve yasal h\u00fck\u00fcmler do\u011frultusunda i\u015flenmektedir.<\/p><p>\u015eirketimizin web sitesi <a href=\"https:\/\/hrlytic.net\/tr\/\">hrlytic.net<\/a> \u00e7erez kullanan bir sitedir. \u00c7erez, kullan\u0131lan cihaz\u0131n internet taray\u0131c\u0131s\u0131nda veya sabit diskinde depolanarak cihaz\u0131n tespit edilmesini sa\u011flayan, \u00e7o\u011funlukla harf ve rakamlardan olu\u015fan bir dosyad\u0131r.<\/p><p>Verilerin \u00fc\u00e7\u00fcnc\u00fc ki\u015filere aktar\u0131lmas\u0131 s\u0131ras\u0131nda hak ihlallerinin \u00f6nlenmesi i\u00e7in gerekli teknik ve hukuki tedbirler al\u0131nmaktad\u0131r. Ancak ki\u015fisel verileri alan \u00fc\u00e7\u00fcnc\u00fc taraf\u0131n veri koruma politikalar\u0131 nedeniyle sorumlulu\u011funda olan risk alan\u0131nda meydana gelen ihlallerden sorumlu de\u011filiz.<\/p><ol><li>Ki\u015fisel Veri Toplaman\u0131n Y\u00f6ntemi ve Hukuki Sebebi:<\/li><\/ol><p><a href=\"https:\/\/hrlytic.net\/tr\/\">hrlytic.net<\/a> internet sitesi veya mobil uygulamalar\u0131m\u0131z \u00fczerinden i\u015flem yapan \u00fcyelerimizin payla\u015ft\u0131\u011f\u0131 ki\u015fisel veriler, r\u0131zalar\u0131 ve yasal h\u00fck\u00fcmler do\u011frultusunda i\u015fbu Ayd\u0131nlatma ve R\u0131za Metni&#8217;nde belirtilen ama\u00e7larla i\u015flenebilmekte ve aktar\u0131labilmektedir.<\/p><ol><li>Ki\u015fisel Veri Sahibi Olarak M\u00fc\u015fterilerin Haklar\u0131:<\/li><\/ol><p>Kanun&#8217;un 11. maddesi uyar\u0131nca veri sahipleri a\u015fa\u011f\u0131daki haklara sahiptir;<\/p><p>a. Kendileri ile ilgili ki\u015fisel veri i\u015flenip i\u015flenmedi\u011fini \u00f6\u011frenme,<\/p><p>b. Ki\u015fisel verileri i\u015flenmi\u015fse buna ili\u015fkin bilgi talep etme,<\/p><p>c. Ki\u015fisel verilerin i\u015flenme amac\u0131n\u0131 ve bunlar\u0131n amac\u0131na uygun kullan\u0131l\u0131p kullan\u0131lmad\u0131\u011f\u0131n\u0131 \u00f6\u011frenme,<\/p><p>d. Yurt i\u00e7inde veya yurt d\u0131\u015f\u0131nda ki\u015fisel verilerin aktar\u0131ld\u0131\u011f\u0131 \u00fc\u00e7\u00fcnc\u00fc ki\u015fileri bilme,<\/p><p>e. Ki\u015fisel verilerin eksik veya yanl\u0131\u015f i\u015flenmi\u015f olmas\u0131 h\u00e2linde bunlar\u0131n d\u00fczeltilmesini isteme ve bu kapsamda yap\u0131lan i\u015flemin ki\u015fisel verilerin aktar\u0131ld\u0131\u011f\u0131 \u00fc\u00e7\u00fcnc\u00fc ki\u015filere bildirilmesini isteme<\/p><p>f. Kanun&#8217;a ve ilgili di\u011fer kanun h\u00fck\u00fcmlerine uygun olarak i\u015flenmi\u015f olmas\u0131na ra\u011fmen, i\u015flenmesini gerektiren sebeplerin ortadan kalkmas\u0131 h\u00e2linde ki\u015fisel verilerin silinmesini veya yok edilmesini isteme ve bu kapsamda yap\u0131lan i\u015flemin ki\u015fisel verilerin aktar\u0131ld\u0131\u011f\u0131 \u00fc\u00e7\u00fcnc\u00fc ki\u015filere bildirilmesini isteme,<\/p><p>g. \u0130\u015flenen verilerin m\u00fcnhas\u0131ran otomatik sistemler vas\u0131tas\u0131yla analiz edilmesi suretiyle ki\u015finin kendisi aleyhine bir sonucun ortaya \u00e7\u0131kmas\u0131na itiraz etme,<\/p><p>h. Ki\u015fisel verilerin kanuna ayk\u0131r\u0131 olarak i\u015flenmesi sebebiyle zarara u\u011framas\u0131 h\u00e2linde zarar\u0131n giderilmesini talep etme hakk\u0131na sahiptir.<\/p><p>Bu haklar\u0131n kullan\u0131m\u0131na ili\u015fkin talepler, B\u0130S taraf\u0131ndan geli\u015ftirilen 6698 say\u0131l\u0131 Kanun Kapsam\u0131nda Ki\u015fisel Verilerin \u0130\u015flenmesi ve Korunmas\u0131na \u0130li\u015fkin Politika \u00e7er\u00e7evesinde de\u011ferlendirilmek \u00fczere ki\u015fisel veri sahipleri taraf\u0131ndan <a href=\"mailto:in**@*****ic.net\" data-original-string=\"BmR8uZcRYIxg2zV9w1yfeg==96c+Fqaj\/8In2LaIc\/ykbo+Z\/4MF5YOA1z\/0TCtnd5F6Hg=\" title=\"This contact has been encoded by Anti-Spam by CleanTalk. Click to decode. To finish the decoding make sure that JavaScript is enabled in your browser.\"><span \n                data-original-string='z1Do\/lzD1FzxlmXkKcKRzg==96c2gZpki6jf7W5O\/n1iyyT2lMH1rPd2PLDpU5PFRPqRCc='\n                class='apbct-email-encoder'\n                title='This contact has been encoded by Anti-Spam by CleanTalk. Click to decode. To finish the decoding make sure that JavaScript is enabled in your browser.'>in<span class=\"apbct-blur\">**<\/span>@<span class=\"apbct-blur\">*****<\/span>ic.net<\/span>\u00a0 <\/a>eposta adresine iletilebilecektir.<\/p><p>BIS bu talepleri 30 g\u00fcn i\u00e7inde de\u011ferlendirecek ve sonu\u00e7land\u0131racakt\u0131r. Ki\u015fisel verilerinizle ilgili her t\u00fcrl\u00fc soru ve g\u00f6r\u00fc\u015fleriniz i\u00e7in <a href=\"mailto:in**@*****ic.net\" data-original-string=\"j4zK0JalYN7O8DsF9yf42w==96cd5TaM+hFTJ3wjKNUQRAOsVaBiWgm3moMz0oofCkdygo=\" title=\"This contact has been encoded by Anti-Spam by CleanTalk. Click to decode. To finish the decoding make sure that JavaScript is enabled in your browser.\"><span \n                data-original-string='NiEUgTGAzKwyPQRzVfUenw==96cshq\/QqxZ\/pauK9cuKCrwb4kp8isnluATRvRmkancBcM='\n                class='apbct-email-encoder'\n                title='This contact has been encoded by Anti-Spam by CleanTalk. Click to decode. To finish the decoding make sure that JavaScript is enabled in your browser.'>in<span class=\"apbct-blur\">**<\/span>@<span class=\"apbct-blur\">*****<\/span>ic.net<\/span><\/a> e-posta adresinden (Ad Soyad, e-posta adresiniz ile) bize diledi\u011finiz zaman ula\u015fabilirsiniz.<\/p>\t\t\t\t\t\t\t\t<\/div>\n\t\t\t\t<\/div>\n\t\t\t\t\t<\/div>\n\t\t\t\t<\/div>\n\t\t\t\t<\/div>\n\t\t","protected":false},"excerpt":{"rendered":"<p>Ki\u015fisel Verilerin \u0130\u015flenmesi Ba\u015fta \u00f6zel hayat\u0131n gizlili\u011fi olmak \u00fczere ki\u015filerin temel hak ve \u00f6zg\u00fcrl\u00fcklerini korumak ve ki\u015fisel verileri i\u015fleyen ger\u00e7ek ve t\u00fczel ki\u015filerin y\u00fck\u00fcml\u00fcl\u00fcklerini belirlemek amac\u0131yla \u00e7\u0131kar\u0131lan 6698 say\u0131l\u0131 Ki\u015fisel Verilerin Korunmas\u0131 Kanunu (&#8220;KVKK&#8221;) hakk\u0131nda sizleri bilgilendirmek isteriz. Kanun kapsam\u0131nda ki\u015fisel veri, &#8220;kimli\u011fi belirli veya belirlenebilir ger\u00e7ek ki\u015fiye ili\u015fkin her t\u00fcrl\u00fc bilgi&#8221;; i\u015fleme ise &#8220;tamamen [&hellip;]<\/p>\n","protected":false},"author":1,"featured_media":0,"parent":0,"menu_order":0,"comment_status":"closed","ping_status":"closed","template":"","meta":{"footnotes":""},"class_list":["post-824","page","type-page","status-publish","hentry"],"_links":{"self":[{"href":"https:\/\/hrlytic.net\/tr\/wp-json\/wp\/v2\/pages\/824","targetHints":{"allow":["GET"]}}],"collection":[{"href":"https:\/\/hrlytic.net\/tr\/wp-json\/wp\/v2\/pages"}],"about":[{"href":"https:\/\/hrlytic.net\/tr\/wp-json\/wp\/v2\/types\/page"}],"author":[{"embeddable":true,"href":"https:\/\/hrlytic.net\/tr\/wp-json\/wp\/v2\/users\/1"}],"replies":[{"embeddable":true,"href":"https:\/\/hrlytic.net\/tr\/wp-json\/wp\/v2\/comments?post=824"}],"version-history":[{"count":7,"href":"https:\/\/hrlytic.net\/tr\/wp-json\/wp\/v2\/pages\/824\/revisions"}],"predecessor-version":[{"id":2254,"href":"https:\/\/hrlytic.net\/tr\/wp-json\/wp\/v2\/pages\/824\/revisions\/2254"}],"wp:attachment":[{"href":"https:\/\/hrlytic.net\/tr\/wp-json\/wp\/v2\/media?parent=824"}],"curies":[{"name":"wp","href":"https:\/\/api.w.org\/{rel}","templated":true}]}}