{"id":548,"date":"2024-03-01T12:35:47","date_gmt":"2024-03-01T12:35:47","guid":{"rendered":"https:\/\/hrlytic.net\/trattamento-dei-dati-personali\/"},"modified":"2024-03-04T12:25:20","modified_gmt":"2024-03-04T12:25:20","slug":"trattamento-dei-dati-personali","status":"publish","type":"page","link":"https:\/\/hrlytic.net\/it\/trattamento-dei-dati-personali\/","title":{"rendered":"Trattamento dei dati personali"},"content":{"rendered":"\t\t<div data-elementor-type=\"wp-page\" data-elementor-id=\"548\" class=\"elementor elementor-548 elementor-133\" data-elementor-post-type=\"page\">\n\t\t\t\t<div class=\"elementor-element elementor-element-19888d2 e-flex e-con-boxed e-con e-parent\" data-id=\"19888d2\" data-element_type=\"container\" data-e-type=\"container\">\n\t\t\t\t\t<div class=\"e-con-inner\">\n\t\t\t\t<div class=\"elementor-element elementor-element-68c8f1f elementor-widget elementor-widget-heading\" data-id=\"68c8f1f\" data-element_type=\"widget\" data-e-type=\"widget\" data-widget_type=\"heading.default\">\n\t\t\t\t<div class=\"elementor-widget-container\">\n\t\t\t\t\t<h1 class=\"elementor-heading-title elementor-size-default\">Trattamento dei dati personali<\/h1>\t\t\t\t<\/div>\n\t\t\t\t<\/div>\n\t\t\t\t<div class=\"elementor-element elementor-element-a5d33fa elementor-widget elementor-widget-text-editor\" data-id=\"a5d33fa\" data-element_type=\"widget\" data-e-type=\"widget\" data-widget_type=\"text-editor.default\">\n\t\t\t\t<div class=\"elementor-widget-container\">\n\t\t\t\t\t\t\t\t\t<p>Desideriamo informarvi sulla legge n. 6698 sulla protezione dei dati personali (&#8220;PPL&#8221;), emanata per proteggere i diritti e le libert\u00e0 fondamentali delle persone, in particolare la privacy della vita privata, e per determinare gli obblighi delle persone reali e giuridiche che trattano i dati personali.<\/p>\n<p>Nell&#8217;ambito di applicazione della legge, i dati personali sono definiti come &#8220;qualsiasi informazione relativa a una persona fisica identificata o identificabile&#8221;; il trattamento \u00e8 definito come &#8220;qualsiasi operazione eseguita sui dati come l&#8217;acquisizione, la registrazione, la conservazione, la modifica, la riorganizzazione, la divulgazione, la trasmissione, l&#8217;acquisizione, la messa a disposizione, la classificazione o il blocco del loro utilizzo, in modo completamente o parzialmente automatico o fornito per essere parte di qualsiasi sistema di registrazione dei dati, in modo non automatico&#8221;.<\/p>\n<ol>\n<li>Scopo del testo informativo e posizione del titolare del trattamento di BIS \u00c7\u00d6Z\u00dcM B\u0130LG\u0130SAYAR VE ENTEGRASYON H\u0130ZMETLER\u0130 VE T\u0130C. A.\u015e. (brevemente &#8220;BIS&#8221;):<\/li>\n<\/ol>\n<p>BIS presenta le seguenti dichiarazioni per adempiere all&#8217;obbligo di informazione ai sensi dell&#8217;articolo 10 della legge n. 6698 sulla protezione dei dati personali (&#8220;PPL&#8221;) in merito ai dati personali dei propri soci e di terzi che utilizzano il nostro sito web e\/o le applicazioni mobili. BIS si riserva il diritto di aggiornare sempre il presente testo di spiegazione sulla protezione dei dati personali, nell&#8217;ambito delle modifiche che possono essere apportate alla legislazione vigente.<\/p>\n<ol>\n<li>Finalit\u00e0 dell&#8217;elaborazione e del trasferimento dei dati personali appartenenti ai registri:<\/li>\n<\/ol>\n<p>I vostri dati personali sono utilizzati per le seguenti finalit\u00e0:<\/p>\n<ul>\n<li>Per confermare l&#8217;identit\u00e0 del socio che si registra attraverso il sito web\/applicazioni mobili,<\/li>\n<li>Per registrare l&#8217;indirizzo e altre informazioni necessarie per la comunicazione,<\/li>\n<li>Per trasmettere le vostre informazioni ai nostri partner di soluzioni associate al modulo che utilizzate,<\/li>\n<li>Per comunicare con i nostri membri, per effettuare le notifiche necessarie, per informare sulle campagne,<\/li>\n<li>Organizzare tutti i registri e i documenti che costituiranno la base per il trattamento in ambiente elettronico (internet\/mobile ecc.) o cartaceo,<\/li>\n<li>Fornire informazioni ai funzionari pubblici su richiesta e come richiesto dalla legislazione su questioni relative alla sicurezza pubblica,<\/li>\n<li>Per poter offrire suggerimenti ai nostri membri da parte delle nostre istituzioni e dei nostri partner contrattuali, per poter informare i nostri membri sui nostri servizi,<\/li>\n<li>Per poter adempiere ai nostri obblighi legali e avvalerci dei nostri diritti derivanti dalla legislazione vigente,<\/li>\n<\/ul>\n<p>Per prevenire frodi e altre attivit\u00e0 illegali. Durante il trasferimento dei dati a terzi, vengono adottate le misure tecniche e legali necessarie per prevenire le violazioni dei diritti.<\/p>\n<p>I vostri dati personali possono essere condivisi con i nostri partner commerciali diretti\/indiretti nazionali\/esterni, con le istituzioni con cui collaboriamo per lo svolgimento delle nostre attivit\u00e0, con persone e istituzioni nazionali\/esterne da cui riceviamo servizi di cloud storage, con organizzazioni nazionali\/esterne con cui abbiamo stipulato accordi per le regolamentazioni IT e software, con varie agenzie, societ\u00e0 di pubblicit\u00e0 e societ\u00e0 di sondaggi sia a livello nazionale che estero nell&#8217;ambito di varie attivit\u00e0 di annuncio e organizzazione in linea con i nostri scopi, per fornire un servizio migliore all&#8217;utente e per garantire la soddisfazione dei nostri membri, nonch\u00e9 con altre terze parti e partner commerciali rilevanti, sia a livello nazionale che estero.<\/p>\n<p>I dati forniti dai nostri clienti che effettuano transazioni attraverso il sito web <a href=\"https:\/\/arkapi.app\" target=\"_blank\" rel=\"noopener\">hrlytic.net<\/a> o le applicazioni mobili sono trattati da BIS in conformit\u00e0 al loro consenso e alle disposizioni di legge.<\/p>\n<p>Il sito web della nostra azienda <a href=\"https:\/\/arkapi.app\" target=\"_blank\" rel=\"noopener\">hrlytic.net<\/a> \u00e8 un sito che utilizza i cookie. Un cookie \u00e8 un file, per lo pi\u00f9 composto da lettere e numeri, che consente di rilevare il dispositivo in quanto memorizzato sul browser Internet o sul disco rigido del dispositivo utilizzato.<\/p>\n<p>Durante il trasferimento dei dati a terzi, vengono adottate le misure tecniche e legali necessarie per prevenire le violazioni dei diritti. Tuttavia, non siamo responsabili per le violazioni che si verificano nell&#8217;area di rischio sotto la responsabilit\u00e0 dei terzi che ricevono i dati personali a causa delle loro politiche di protezione dei dati.<\/p>\n<ol>\n<li>Metodo di raccolta dei dati personali e motivo legale:<\/li>\n<\/ol>\n<p>I dati personali condivisi dai nostri soci che effettuano transazioni attraverso il sito web <a href=\"https:\/\/arkapi.app\" target=\"_blank\" rel=\"noopener\">hrlytic.net<\/a> o le nostre applicazioni mobili possono essere trattati e trasferiti per le finalit\u00e0 indicate nel presente Testo di Informativa e Consenso in conformit\u00e0 al loro consenso e alle disposizioni di legge.<\/p>\n<ol>\n<li>Diritti dei clienti in quanto titolari di dati personali:<\/li>\n<\/ol>\n<p>Ai sensi dell&#8217;articolo 11 della legge, i titolari dei dati hanno il diritto di;<\/p>\n<p>a. Scoprire se i dati personali che li riguardano vengono trattati,<\/p>\n<p>b. Richiedere informazioni se i dati personali sono stati trattati,<\/p>\n<p>c. Imparare a conoscere lo scopo dell&#8217;elaborazione dei dati personali e se questi vengono utilizzati in conformit\u00e0 con il loro scopo,<\/p>\n<p>d. Conoscere i terzi nel paese o all&#8217;estero a cui sono stati trasferiti i dati personali,<\/p>\n<p>e. Richiedere la rettifica dei dati personali in caso di trattamento incompleto o errato e richiedere la notifica dell&#8217;operazione effettuata in questo ambito a terzi a cui sono stati trasferiti i dati personali,<\/p>\n<p>f. Nonostante il trattamento sia effettuato in conformit\u00e0 alla Legge e alle altre disposizioni di legge in materia, chiedere la cancellazione o la distruzione dei dati personali nel caso in cui siano venuti meno i motivi che ne hanno determinato il trattamento, e chiedere la notifica dell&#8217;operazione effettuata in questo ambito a terzi a cui i dati personali sono stati trasferiti,<\/p>\n<p>g. opporsi all&#8217;emergere di un risultato contro la persona stessa analizzando i dati trattati esclusivamente attraverso sistemi automatizzati,<\/p>\n<p>h. Hanno il diritto di chiedere un risarcimento in caso di danni dovuti al trattamento illegale dei dati personali.<\/p>\n<p>Le richieste di esercizio di tali diritti possono essere inviate all&#8217;indirizzo e-mail <a href=\"mailto:in**@*****ic.net\" data-original-string=\"weOwTir41fP66RF4RrDWmA==96c4g6STbI2e7rW2Xy8+R2hd3Gm7Th1wH8qJViNMglbWik=\" title=\"This contact has been encoded by Anti-Spam by CleanTalk. Click to decode. To finish the decoding make sure that JavaScript is enabled in your browser.\"><span \n                data-original-string='Nmjmzx77qzrRQC4NGsxaow==96c15EYuKK\/CUamBJHikM7DHMwJWlkt3YYmLW6XmuXJhJ0='\n                class='apbct-email-encoder'\n                title='This contact has been encoded by Anti-Spam by CleanTalk. Click to decode. To finish the decoding make sure that JavaScript is enabled in your browser.'>in<span class=\"apbct-blur\">**<\/span>@<span class=\"apbct-blur\">*****<\/span>ic.net<\/span><\/a> dai titolari dei dati personali per essere valutate nell&#8217;ambito dell&#8217;Informativa sul trattamento e la protezione dei dati personali ai sensi della legge n. 6698 elaborata da BIS.<\/p>\n<p>Il BIS valuter\u00e0 e concluder\u00e0 queste richieste entro 30 giorni. Potete contattarci in qualsiasi momento attraverso l&#8217;indirizzo e-mail <a href=\"mailto:in**@*****ic.net\" data-original-string=\"0Eq6npvdtkK+fLbbWFYmgA==96ccxPzUHRV0noPaUm3DYFdS32EAW+5Y+rVdUochGp8eRc=\" title=\"This contact has been encoded by Anti-Spam by CleanTalk. Click to decode. To finish the decoding make sure that JavaScript is enabled in your browser.\"><span \n                data-original-string='p95Gd5rHXGeg\/NSqTHp0OA==96cXPWoAQFrZsYXs1ToOrbll7wG3uDX7eHGZNsW+ZX+LOc='\n                class='apbct-email-encoder'\n                title='This contact has been encoded by Anti-Spam by CleanTalk. Click to decode. To finish the decoding make sure that JavaScript is enabled in your browser.'>in<span class=\"apbct-blur\">**<\/span>@<span class=\"apbct-blur\">*****<\/span>ic.net<\/span><\/a> (con il vostro Nome Cognome, il vostro indirizzo e-mail) per qualsiasi domanda e opinione sui vostri dati personali.<\/p>\n\t\t\t\t\t\t\t\t<\/div>\n\t\t\t\t<\/div>\n\t\t\t\t\t<\/div>\n\t\t\t\t<\/div>\n\t\t\t\t<\/div>\n\t\t","protected":false},"excerpt":{"rendered":"<p>Trattamento dei dati personali Desideriamo informarvi sulla legge n. 6698 sulla protezione dei dati personali (&#8220;PPL&#8221;), emanata per proteggere i diritti e le libert\u00e0 fondamentali delle persone, in particolare la privacy della vita privata, e per determinare gli obblighi delle persone reali e giuridiche che trattano i dati personali. Nell&#8217;ambito di applicazione della legge, i [&hellip;]<\/p>\n","protected":false},"author":1,"featured_media":0,"parent":0,"menu_order":0,"comment_status":"closed","ping_status":"closed","template":"","meta":{"footnotes":""},"class_list":["post-548","page","type-page","status-publish","hentry"],"_links":{"self":[{"href":"https:\/\/hrlytic.net\/it\/wp-json\/wp\/v2\/pages\/548","targetHints":{"allow":["GET"]}}],"collection":[{"href":"https:\/\/hrlytic.net\/it\/wp-json\/wp\/v2\/pages"}],"about":[{"href":"https:\/\/hrlytic.net\/it\/wp-json\/wp\/v2\/types\/page"}],"author":[{"embeddable":true,"href":"https:\/\/hrlytic.net\/it\/wp-json\/wp\/v2\/users\/1"}],"replies":[{"embeddable":true,"href":"https:\/\/hrlytic.net\/it\/wp-json\/wp\/v2\/comments?post=548"}],"version-history":[{"count":0,"href":"https:\/\/hrlytic.net\/it\/wp-json\/wp\/v2\/pages\/548\/revisions"}],"wp:attachment":[{"href":"https:\/\/hrlytic.net\/it\/wp-json\/wp\/v2\/media?parent=548"}],"curies":[{"name":"wp","href":"https:\/\/api.w.org\/{rel}","templated":true}]}}