{"id":848,"date":"2024-03-01T12:36:20","date_gmt":"2024-03-01T12:36:20","guid":{"rendered":"https:\/\/hrlytic.net\/ik-olgunluk-seviyesi-anketi\/"},"modified":"2024-05-21T10:03:11","modified_gmt":"2024-05-21T10:03:11","slug":"ik-olgunluk-seviyesi-anketi","status":"publish","type":"page","link":"http:\/\/hrlytic.net\/tr\/ik-olgunluk-seviyesi-anketi\/","title":{"rendered":"\u0130K Olgunluk Seviyesi Anketi"},"content":{"rendered":"\t\t<div data-elementor-type=\"wp-page\" data-elementor-id=\"848\" class=\"elementor elementor-848 elementor-138\" data-elementor-post-type=\"page\">\n\t\t\t\t\t\t<section class=\"elementor-section elementor-top-section elementor-element elementor-element-7613cbd elementor-hidden-mobile elementor-section-boxed elementor-section-height-default elementor-section-height-default\" data-id=\"7613cbd\" data-element_type=\"section\" data-e-type=\"section\" data-settings=\"{&quot;background_background&quot;:&quot;classic&quot;}\">\n\t\t\t\t\t\t<div class=\"elementor-container elementor-column-gap-default\">\n\t\t\t\t\t<div class=\"elementor-column elementor-col-100 elementor-top-column elementor-element elementor-element-d2d4361\" data-id=\"d2d4361\" data-element_type=\"column\" data-e-type=\"column\">\n\t\t\t<div class=\"elementor-widget-wrap elementor-element-populated\">\n\t\t\t\t\t\t<div class=\"elementor-element elementor-element-7328f7a elementor-widget__width-auto elementor-widget elementor-widget-heading\" data-id=\"7328f7a\" data-element_type=\"widget\" data-e-type=\"widget\" data-widget_type=\"heading.default\">\n\t\t\t\t<div class=\"elementor-widget-container\">\n\t\t\t\t\t<span class=\"elementor-heading-title elementor-size-default\">Kaynaklar<\/span>\t\t\t\t<\/div>\n\t\t\t\t<\/div>\n\t\t\t\t<div class=\"elementor-element elementor-element-a068a40 elementor-widget__width-initial elementor-view-default elementor-widget elementor-widget-icon\" data-id=\"a068a40\" data-element_type=\"widget\" data-e-type=\"widget\" data-widget_type=\"icon.default\">\n\t\t\t\t<div class=\"elementor-widget-container\">\n\t\t\t\t\t\t\t<div class=\"elementor-icon-wrapper\">\n\t\t\t<div class=\"elementor-icon\">\n\t\t\t<i aria-hidden=\"true\" class=\"icon icon-chevron-right\"><\/i>\t\t\t<\/div>\n\t\t<\/div>\n\t\t\t\t\t\t<\/div>\n\t\t\t\t<\/div>\n\t\t\t\t<div class=\"elementor-element elementor-element-ad410af elementor-widget__width-auto elementor-widget elementor-widget-heading\" data-id=\"ad410af\" data-element_type=\"widget\" data-e-type=\"widget\" data-widget_type=\"heading.default\">\n\t\t\t\t<div class=\"elementor-widget-container\">\n\t\t\t\t\t<span class=\"elementor-heading-title elementor-size-default\"><a href=\"http:\/\/hrlytic.net\/tr\/ik-olgunluk-seviyesi-anketi\/\">\u0130K Olgunluk Analizi<\/a><\/span>\t\t\t\t<\/div>\n\t\t\t\t<\/div>\n\t\t\t\t\t<\/div>\n\t\t<\/div>\n\t\t\t\t\t<\/div>\n\t\t<\/section>\n\t\t<div class=\"elementor-element elementor-element-5240117 e-flex e-con-boxed e-con e-parent\" data-id=\"5240117\" data-element_type=\"container\" data-e-type=\"container\" data-settings=\"{&quot;background_background&quot;:&quot;classic&quot;}\">\n\t\t\t\t\t<div class=\"e-con-inner\">\n\t\t<div class=\"elementor-element elementor-element-d892006 e-con-full e-flex e-con e-child\" data-id=\"d892006\" data-element_type=\"container\" data-e-type=\"container\">\n\t\t<div class=\"elementor-element elementor-element-8f579a0 e-con-full e-flex e-con e-child\" data-id=\"8f579a0\" data-element_type=\"container\" data-e-type=\"container\">\n\t\t\t\t<div class=\"elementor-element elementor-element-a22063e elementor-widget elementor-widget-heading\" data-id=\"a22063e\" data-element_type=\"widget\" data-e-type=\"widget\" data-widget_type=\"heading.default\">\n\t\t\t\t<div class=\"elementor-widget-container\">\n\t\t\t\t\t<h1 class=\"elementor-heading-title elementor-size-default\">\u0130K Olgunluk Seviyesi Analizi<\/h1>\t\t\t\t<\/div>\n\t\t\t\t<\/div>\n\t\t\t\t<div class=\"elementor-element elementor-element-ddb063e elementor-widget elementor-widget-text-editor\" data-id=\"ddb063e\" data-element_type=\"widget\" data-e-type=\"widget\" data-widget_type=\"text-editor.default\">\n\t\t\t\t<div class=\"elementor-widget-container\">\n\t\t\t\t\t\t\t\t\t<p>\u0130nsan kaynaklar\u0131nda i\u015flevselli\u011finizi, i\u015fg\u00fcc\u00fc planlamas\u0131ndan i\u015fe al\u0131ma, performans y\u00f6netiminden e\u011fitim ve geli\u015fime kadar bir dizi s\u00fcreci veri odakl\u0131 bir \u015fekilde de\u011ferlendiriyoruz.<\/p><p>\u00dccret mi? Tabii ki \u00fccretsiz!<\/p>\t\t\t\t\t\t\t\t<\/div>\n\t\t\t\t<\/div>\n\t\t\t\t<\/div>\n\t\t<div class=\"elementor-element elementor-element-75fdd01 e-con-full e-flex e-con e-child\" data-id=\"75fdd01\" data-element_type=\"container\" data-e-type=\"container\">\n\t\t\t\t<div class=\"elementor-element elementor-element-2c88cd0 elementor-widget elementor-widget-image\" data-id=\"2c88cd0\" data-element_type=\"widget\" data-e-type=\"widget\" data-widget_type=\"image.default\">\n\t\t\t\t<div class=\"elementor-widget-container\">\n\t\t\t\t\t\t\t\t\t\t\t\t\t\t\t<img fetchpriority=\"high\" decoding=\"async\" width=\"1000\" height=\"880\" src=\"https:\/\/hrlytic.net\/wp-content\/uploads\/2024\/03\/surveyp1.webp\" class=\"attachment-full size-full wp-image-455\" alt=\"\" srcset=\"https:\/\/hrlytic.net\/wp-content\/uploads\/2024\/03\/surveyp1.webp 1000w, https:\/\/hrlytic.net\/wp-content\/uploads\/2024\/03\/surveyp1-300x264.webp 300w, https:\/\/hrlytic.net\/wp-content\/uploads\/2024\/03\/surveyp1-768x676.webp 768w\" sizes=\"(max-width: 1000px) 100vw, 1000px\" \/>\t\t\t\t\t\t\t\t\t\t\t\t\t\t\t<\/div>\n\t\t\t\t<\/div>\n\t\t\t\t<\/div>\n\t\t\t\t<\/div>\n\t\t<div class=\"elementor-element elementor-element-51aa861 e-con-full elementor-hidden-desktop elementor-hidden-tablet e-flex e-con e-child\" data-id=\"51aa861\" data-element_type=\"container\" data-e-type=\"container\">\n\t\t<div class=\"elementor-element elementor-element-c3229f7 e-con-full e-flex e-con e-child\" data-id=\"c3229f7\" data-element_type=\"container\" data-e-type=\"container\">\n\t\t\t\t<div class=\"elementor-element elementor-element-ec3d18f elementor-widget elementor-widget-heading\" data-id=\"ec3d18f\" data-element_type=\"widget\" data-e-type=\"widget\" data-widget_type=\"heading.default\">\n\t\t\t\t<div class=\"elementor-widget-container\">\n\t\t\t\t\t<h2 class=\"elementor-heading-title elementor-size-default\">\u0130K Olgunluk Seviyesi Anketi nas\u0131l \u00e7al\u0131\u015f\u0131r?<\/h2>\t\t\t\t<\/div>\n\t\t\t\t<\/div>\n\t\t\t\t<div class=\"elementor-element elementor-element-0d341c4 elementor-widget elementor-widget-text-editor\" data-id=\"0d341c4\" data-element_type=\"widget\" data-e-type=\"widget\" data-widget_type=\"text-editor.default\">\n\t\t\t\t<div class=\"elementor-widget-container\">\n\t\t\t\t\t\t\t\t\t<p>Olgunluk Seviyesi analizi nas\u0131l yap\u0131l\u0131r? HRLYIC taraf\u0131ndan sunulan \u00fccretsiz analiz \u00e7al\u0131\u015fmas\u0131 kapsam\u0131nda \u0130K Analitik Olgunluk Anketi doldurularak 10 ana kategoride 36 farkl\u0131 soruya cevap vermeniz isteniyor.<\/p>\n<\/p>\n<p>Yan\u0131tlar\u0131n\u0131z de\u011ferlendirilir ve de\u011ferlendirme sonu\u00e7lar\u0131na g\u00f6re kurulu\u015funuzun \u0130K analitik olgunluk d\u00fczeyini iyile\u015ftirmek i\u00e7in \u00f6neriler sunulur.<\/p>\n\t\t\t\t\t\t\t\t<\/div>\n\t\t\t\t<\/div>\n\t\t\t\t<\/div>\n\t\t<div class=\"elementor-element elementor-element-a99cbc9 e-con-full e-flex e-con e-child\" data-id=\"a99cbc9\" data-element_type=\"container\" data-e-type=\"container\">\n\t\t\t\t<div class=\"elementor-element elementor-element-3b584b3 elementor-widget elementor-widget-image\" data-id=\"3b584b3\" data-element_type=\"widget\" data-e-type=\"widget\" data-widget_type=\"image.default\">\n\t\t\t\t<div class=\"elementor-widget-container\">\n\t\t\t\t\t\t\t\t\t\t\t\t\t\t\t<img decoding=\"async\" width=\"1000\" height=\"600\" src=\"https:\/\/hrlytic.net\/wp-content\/uploads\/2024\/03\/surveyp2.webp\" class=\"attachment-full size-full wp-image-457\" alt=\"\" srcset=\"https:\/\/hrlytic.net\/wp-content\/uploads\/2024\/03\/surveyp2.webp 1000w, https:\/\/hrlytic.net\/wp-content\/uploads\/2024\/03\/surveyp2-300x180.webp 300w, https:\/\/hrlytic.net\/wp-content\/uploads\/2024\/03\/surveyp2-768x461.webp 768w\" sizes=\"(max-width: 1000px) 100vw, 1000px\" \/>\t\t\t\t\t\t\t\t\t\t\t\t\t\t\t<\/div>\n\t\t\t\t<\/div>\n\t\t\t\t<\/div>\n\t\t\t\t<\/div>\n\t\t<div class=\"elementor-element elementor-element-95d8360 e-con-full elementor-hidden-desktop elementor-hidden-tablet e-flex e-con e-child\" data-id=\"95d8360\" data-element_type=\"container\" data-e-type=\"container\">\n\t\t<div class=\"elementor-element elementor-element-df2a08e e-con-full e-flex e-con e-child\" data-id=\"df2a08e\" data-element_type=\"container\" data-e-type=\"container\">\n\t\t\t\t<div class=\"elementor-element elementor-element-5d98582 elementor-widget elementor-widget-heading\" data-id=\"5d98582\" data-element_type=\"widget\" data-e-type=\"widget\" data-widget_type=\"heading.default\">\n\t\t\t\t<div class=\"elementor-widget-container\">\n\t\t\t\t\t<h2 class=\"elementor-heading-title elementor-size-default\">\u0130K Olgunluk Seviyesi Ara\u015ft\u0131rmas\u0131na nas\u0131l ba\u015flayabilirim?<\/h2>\t\t\t\t<\/div>\n\t\t\t\t<\/div>\n\t\t\t\t<div class=\"elementor-element elementor-element-21221b4 elementor-widget elementor-widget-text-editor\" data-id=\"21221b4\" data-element_type=\"widget\" data-e-type=\"widget\" data-widget_type=\"text-editor.default\">\n\t\t\t\t<div class=\"elementor-widget-container\">\n\t\t\t\t\t\t\t\t\t<p>Kategori bazl\u0131 sorular\u0131 kurulu\u015funuzdaki \u0130K analiti\u011fi s\u00fcre\u00e7lerine g\u00f6re yan\u0131tlamakta serbestsiniz.<\/p>\n<\/p>\n<p>Cevaplar\u0131n\u0131z\u0131 tamamlad\u0131ktan sonra, kurulu\u015funuz i\u00e7in \u00f6zelle\u015ftirilmi\u015f bir \u0130K Analiti\u011fi Olgunluk Seviyesi Analizi haz\u0131rlanacak ve size e-posta yoluyla g\u00f6nderilecektir.<\/p>\n\t\t\t\t\t\t\t\t<\/div>\n\t\t\t\t<\/div>\n\t\t\t\t<div class=\"elementor-element elementor-element-6200383 elementor-align-left elementor-widget elementor-widget-button\" data-id=\"6200383\" data-element_type=\"widget\" data-e-type=\"widget\" data-widget_type=\"button.default\">\n\t\t\t\t<div class=\"elementor-widget-container\">\n\t\t\t\t\t\t\t\t\t<div class=\"elementor-button-wrapper\">\n\t\t\t\t\t<a class=\"elementor-button elementor-button-link elementor-size-sm\" href=\"https:\/\/form.jotform.com\/233512038670956\" target=\"_blank\" rel=\"noopener\">\n\t\t\t\t\t\t<span class=\"elementor-button-content-wrapper\">\n\t\t\t\t\t\t<span class=\"elementor-button-icon\">\n\t\t\t\t<svg aria-hidden=\"true\" class=\"e-font-icon-svg e-fas-chevron-right\" viewBox=\"0 0 320 512\" xmlns=\"http:\/\/www.w3.org\/2000\/svg\"><path d=\"M285.476 272.971L91.132 467.314c-9.373 9.373-24.569 9.373-33.941 0l-22.667-22.667c-9.357-9.357-9.375-24.522-.04-33.901L188.505 256 34.484 101.255c-9.335-9.379-9.317-24.544.04-33.901l22.667-22.667c9.373-9.373 24.569-9.373 33.941 0L285.475 239.03c9.373 9.372 9.373 24.568.001 33.941z\"><\/path><\/svg>\t\t\t<\/span>\n\t\t\t\t\t\t\t\t\t<span class=\"elementor-button-text\">Ba\u015flay\u0131n<\/span>\n\t\t\t\t\t<\/span>\n\t\t\t\t\t<\/a>\n\t\t\t\t<\/div>\n\t\t\t\t\t\t\t\t<\/div>\n\t\t\t\t<\/div>\n\t\t\t\t<\/div>\n\t\t<div class=\"elementor-element elementor-element-af9fb36 e-con-full e-flex e-con e-child\" data-id=\"af9fb36\" data-element_type=\"container\" data-e-type=\"container\">\n\t\t\t\t<div class=\"elementor-element elementor-element-829500a elementor-widget elementor-widget-image\" data-id=\"829500a\" data-element_type=\"widget\" data-e-type=\"widget\" data-widget_type=\"image.default\">\n\t\t\t\t<div class=\"elementor-widget-container\">\n\t\t\t\t\t\t\t\t\t\t\t\t\t\t\t<img decoding=\"async\" width=\"1000\" height=\"668\" src=\"https:\/\/hrlytic.net\/wp-content\/uploads\/2024\/03\/surveyp3.webp\" class=\"attachment-full size-full wp-image-459\" alt=\"\" srcset=\"https:\/\/hrlytic.net\/wp-content\/uploads\/2024\/03\/surveyp3.webp 1000w, https:\/\/hrlytic.net\/wp-content\/uploads\/2024\/03\/surveyp3-300x200.webp 300w, https:\/\/hrlytic.net\/wp-content\/uploads\/2024\/03\/surveyp3-768x513.webp 768w\" sizes=\"(max-width: 1000px) 100vw, 1000px\" \/>\t\t\t\t\t\t\t\t\t\t\t\t\t\t\t<\/div>\n\t\t\t\t<\/div>\n\t\t\t\t<\/div>\n\t\t\t\t<\/div>\n\t\t<div class=\"elementor-element elementor-element-78defca e-con-full elementor-hidden-mobile e-flex e-con e-child\" data-id=\"78defca\" data-element_type=\"container\" data-e-type=\"container\">\n\t\t<div class=\"elementor-element elementor-element-af79c8a e-con-full e-flex e-con e-child\" data-id=\"af79c8a\" data-element_type=\"container\" data-e-type=\"container\">\n\t\t\t\t<div class=\"elementor-element elementor-element-b90908d elementor-widget elementor-widget-image\" data-id=\"b90908d\" data-element_type=\"widget\" data-e-type=\"widget\" data-widget_type=\"image.default\">\n\t\t\t\t<div class=\"elementor-widget-container\">\n\t\t\t\t\t\t\t\t\t\t\t\t\t\t\t<img decoding=\"async\" width=\"1000\" height=\"600\" src=\"https:\/\/hrlytic.net\/wp-content\/uploads\/2024\/03\/surveyp2.webp\" class=\"attachment-full size-full wp-image-457\" alt=\"\" srcset=\"https:\/\/hrlytic.net\/wp-content\/uploads\/2024\/03\/surveyp2.webp 1000w, https:\/\/hrlytic.net\/wp-content\/uploads\/2024\/03\/surveyp2-300x180.webp 300w, https:\/\/hrlytic.net\/wp-content\/uploads\/2024\/03\/surveyp2-768x461.webp 768w\" sizes=\"(max-width: 1000px) 100vw, 1000px\" \/>\t\t\t\t\t\t\t\t\t\t\t\t\t\t\t<\/div>\n\t\t\t\t<\/div>\n\t\t\t\t<\/div>\n\t\t<div class=\"elementor-element elementor-element-52d9ec8 e-con-full e-flex e-con e-child\" data-id=\"52d9ec8\" data-element_type=\"container\" data-e-type=\"container\">\n\t\t\t\t<div class=\"elementor-element elementor-element-6c611d6 elementor-widget elementor-widget-text-editor\" data-id=\"6c611d6\" data-element_type=\"widget\" data-e-type=\"widget\" data-widget_type=\"text-editor.default\">\n\t\t\t\t<div class=\"elementor-widget-container\">\n\t\t\t\t\t\t\t\t\t<p>HRLYIC taraf\u0131ndan \u00fccretsiz analiz \u00e7al\u0131\u015fmas\u0131 kapsam\u0131nda sunulan \u0130K Analitik Olgunluk Anketi&#8217;nde10 ana kategoride 36 farkl\u0131 soruya cevap vermenizi bekliyoruz.<\/p><p><br \/>B\u00f6ylelikle yan\u0131tlar\u0131n\u0131z de\u011ferlendirilir ve de\u011ferlendirme sonu\u00e7lar\u0131na g\u00f6re kurulu\u015funuzun \u0130K analitik olgunluk d\u00fczeyini iyile\u015ftirmek i\u00e7in \u00f6neriler sunulur.<\/p>\t\t\t\t\t\t\t\t<\/div>\n\t\t\t\t<\/div>\n\t\t\t\t<\/div>\n\t\t\t\t<\/div>\n\t\t<div class=\"elementor-element elementor-element-7fa83b3 e-con-full elementor-hidden-mobile e-flex e-con e-child\" data-id=\"7fa83b3\" data-element_type=\"container\" data-e-type=\"container\">\n\t\t<div class=\"elementor-element elementor-element-2903087 e-con-full e-flex e-con e-child\" data-id=\"2903087\" data-element_type=\"container\" data-e-type=\"container\">\n\t\t\t\t<div class=\"elementor-element elementor-element-4ce3b36 elementor-widget elementor-widget-text-editor\" data-id=\"4ce3b36\" data-element_type=\"widget\" data-e-type=\"widget\" data-widget_type=\"text-editor.default\">\n\t\t\t\t<div class=\"elementor-widget-container\">\n\t\t\t\t\t\t\t\t\t<p>Kategori bazl\u0131 sorular\u0131 kurulu\u015funuzdaki \u0130K analiti\u011fi s\u00fcre\u00e7lerine g\u00f6re yan\u0131tlamakta tamamen \u00f6zg\u00fcrs\u00fcn\u00fcz.<\/p><p>Cevaplar\u0131n\u0131z\u0131 tamamlad\u0131ktan sonra, kurulu\u015funuz i\u00e7in \u00f6zelle\u015ftirilmi\u015f bir \u0130K Analiti\u011fi Olgunluk Seviyesi Analizi haz\u0131rlanacak ve size e-posta yoluyla g\u00f6nderilecektir.<\/p>\t\t\t\t\t\t\t\t<\/div>\n\t\t\t\t<\/div>\n\t\t\t\t<\/div>\n\t\t<div class=\"elementor-element elementor-element-e9b40ae e-con-full e-flex e-con e-child\" data-id=\"e9b40ae\" data-element_type=\"container\" data-e-type=\"container\">\n\t\t\t\t<div class=\"elementor-element elementor-element-be599e3 elementor-widget elementor-widget-image\" data-id=\"be599e3\" data-element_type=\"widget\" data-e-type=\"widget\" data-widget_type=\"image.default\">\n\t\t\t\t<div class=\"elementor-widget-container\">\n\t\t\t\t\t\t\t\t\t\t\t\t\t\t\t<img decoding=\"async\" width=\"1000\" height=\"668\" src=\"https:\/\/hrlytic.net\/wp-content\/uploads\/2024\/03\/surveyp3.webp\" class=\"attachment-full size-full wp-image-459\" alt=\"\" srcset=\"https:\/\/hrlytic.net\/wp-content\/uploads\/2024\/03\/surveyp3.webp 1000w, https:\/\/hrlytic.net\/wp-content\/uploads\/2024\/03\/surveyp3-300x200.webp 300w, https:\/\/hrlytic.net\/wp-content\/uploads\/2024\/03\/surveyp3-768x513.webp 768w\" sizes=\"(max-width: 1000px) 100vw, 1000px\" \/>\t\t\t\t\t\t\t\t\t\t\t\t\t\t\t<\/div>\n\t\t\t\t<\/div>\n\t\t\t\t<\/div>\n\t\t\t\t<\/div>\n\t\t\t\t\t<\/div>\n\t\t\t\t<\/div>\n\t\t<div class=\"elementor-element elementor-element-7564eb5 e-flex e-con-boxed e-con e-parent\" data-id=\"7564eb5\" data-element_type=\"container\" data-e-type=\"container\">\n\t\t\t\t\t<div class=\"e-con-inner\">\n\t\t\t\t<div class=\"elementor-element elementor-element-5905a73 elementor-widget elementor-widget-shortcode\" data-id=\"5905a73\" data-element_type=\"widget\" data-e-type=\"widget\" data-widget_type=\"shortcode.default\">\n\t\t\t\t<div class=\"elementor-widget-container\">\n\t\t\t\t\t\t\t<div class=\"elementor-shortcode\"><script type=\"text\/javascript\" src=\"https:\/\/form.jotform.com\/jsform\/232114630173949\"><\/script><\/div>\n\t\t\t\t\t\t<\/div>\n\t\t\t\t<\/div>\n\t\t\t\t\t<\/div>\n\t\t\t\t<\/div>\n\t\t\t\t<\/div>\n\t\t","protected":false},"excerpt":{"rendered":"<p>Kaynaklar \u0130K Olgunluk Analizi \u0130K Olgunluk Seviyesi Analizi \u0130nsan kaynaklar\u0131nda i\u015flevselli\u011finizi, i\u015fg\u00fcc\u00fc planlamas\u0131ndan i\u015fe al\u0131ma, performans y\u00f6netiminden e\u011fitim ve geli\u015fime kadar bir dizi s\u00fcreci veri odakl\u0131 bir \u015fekilde de\u011ferlendiriyoruz. \u00dccret mi? Tabii ki \u00fccretsiz! \u0130K Olgunluk Seviyesi Anketi nas\u0131l \u00e7al\u0131\u015f\u0131r? Olgunluk Seviyesi analizi nas\u0131l yap\u0131l\u0131r? HRLYIC taraf\u0131ndan sunulan \u00fccretsiz analiz \u00e7al\u0131\u015fmas\u0131 kapsam\u0131nda \u0130K Analitik Olgunluk [&hellip;]<\/p>\n","protected":false},"author":1,"featured_media":0,"parent":0,"menu_order":0,"comment_status":"closed","ping_status":"closed","template":"","meta":{"footnotes":""},"class_list":["post-848","page","type-page","status-publish","hentry"],"_links":{"self":[{"href":"http:\/\/hrlytic.net\/tr\/wp-json\/wp\/v2\/pages\/848","targetHints":{"allow":["GET"]}}],"collection":[{"href":"http:\/\/hrlytic.net\/tr\/wp-json\/wp\/v2\/pages"}],"about":[{"href":"http:\/\/hrlytic.net\/tr\/wp-json\/wp\/v2\/types\/page"}],"author":[{"embeddable":true,"href":"http:\/\/hrlytic.net\/tr\/wp-json\/wp\/v2\/users\/1"}],"replies":[{"embeddable":true,"href":"http:\/\/hrlytic.net\/tr\/wp-json\/wp\/v2\/comments?post=848"}],"version-history":[{"count":9,"href":"http:\/\/hrlytic.net\/tr\/wp-json\/wp\/v2\/pages\/848\/revisions"}],"predecessor-version":[{"id":2126,"href":"http:\/\/hrlytic.net\/tr\/wp-json\/wp\/v2\/pages\/848\/revisions\/2126"}],"wp:attachment":[{"href":"http:\/\/hrlytic.net\/tr\/wp-json\/wp\/v2\/media?parent=848"}],"curies":[{"name":"wp","href":"https:\/\/api.w.org\/{rel}","templated":true}]}}