{"id":546,"date":"2024-03-01T12:39:34","date_gmt":"2024-03-01T12:39:34","guid":{"rendered":"https:\/\/hrlytic.net\/faq\/"},"modified":"2024-03-04T07:08:47","modified_gmt":"2024-03-04T07:08:47","slug":"faq","status":"publish","type":"page","link":"http:\/\/hrlytic.net\/it\/faq\/","title":{"rendered":"FAQ"},"content":{"rendered":"\t\t<div data-elementor-type=\"wp-page\" data-elementor-id=\"546\" class=\"elementor elementor-546 elementor-155\" data-elementor-post-type=\"page\">\n\t\t\t\t\t\t<section class=\"elementor-section elementor-top-section elementor-element elementor-element-05d034a elementor-hidden-mobile elementor-section-boxed elementor-section-height-default elementor-section-height-default\" data-id=\"05d034a\" data-element_type=\"section\" data-e-type=\"section\" data-settings=\"{&quot;background_background&quot;:&quot;classic&quot;}\">\n\t\t\t\t\t\t<div class=\"elementor-container elementor-column-gap-default\">\n\t\t\t\t\t<div class=\"elementor-column elementor-col-100 elementor-top-column elementor-element elementor-element-e8e4568\" data-id=\"e8e4568\" data-element_type=\"column\" data-e-type=\"column\">\n\t\t\t<div class=\"elementor-widget-wrap elementor-element-populated\">\n\t\t\t\t\t\t<div class=\"elementor-element elementor-element-765dcf3 elementor-widget__width-auto elementor-widget elementor-widget-heading\" data-id=\"765dcf3\" data-element_type=\"widget\" data-e-type=\"widget\" data-widget_type=\"heading.default\">\n\t\t\t\t<div class=\"elementor-widget-container\">\n\t\t\t\t\t<span class=\"elementor-heading-title elementor-size-default\">Risorse<\/span>\t\t\t\t<\/div>\n\t\t\t\t<\/div>\n\t\t\t\t<div class=\"elementor-element elementor-element-ebd20ee elementor-widget__width-initial elementor-view-default elementor-widget elementor-widget-icon\" data-id=\"ebd20ee\" data-element_type=\"widget\" data-e-type=\"widget\" data-widget_type=\"icon.default\">\n\t\t\t\t<div class=\"elementor-widget-container\">\n\t\t\t\t\t\t\t<div class=\"elementor-icon-wrapper\">\n\t\t\t<div class=\"elementor-icon\">\n\t\t\t<i aria-hidden=\"true\" class=\"icon icon-chevron-right\"><\/i>\t\t\t<\/div>\n\t\t<\/div>\n\t\t\t\t\t\t<\/div>\n\t\t\t\t<\/div>\n\t\t\t\t<div class=\"elementor-element elementor-element-11a1451 elementor-widget__width-auto elementor-widget elementor-widget-heading\" data-id=\"11a1451\" data-element_type=\"widget\" data-e-type=\"widget\" data-widget_type=\"heading.default\">\n\t\t\t\t<div class=\"elementor-widget-container\">\n\t\t\t\t\t<span class=\"elementor-heading-title elementor-size-default\"><a href=\"http:\/\/hrlytic.net\/faq\/\">FAQ<\/a><\/span>\t\t\t\t<\/div>\n\t\t\t\t<\/div>\n\t\t\t\t\t<\/div>\n\t\t<\/div>\n\t\t\t\t\t<\/div>\n\t\t<\/section>\n\t\t\t\t<section class=\"elementor-section elementor-top-section elementor-element elementor-element-d635d0a elementor-section-boxed elementor-section-height-default elementor-section-height-default\" data-id=\"d635d0a\" data-element_type=\"section\" data-e-type=\"section\" data-settings=\"{&quot;background_background&quot;:&quot;classic&quot;}\">\n\t\t\t\t\t\t<div class=\"elementor-container elementor-column-gap-default\">\n\t\t\t\t\t<div class=\"elementor-column elementor-col-100 elementor-top-column elementor-element elementor-element-732f182\" data-id=\"732f182\" data-element_type=\"column\" data-e-type=\"column\">\n\t\t\t<div class=\"elementor-widget-wrap elementor-element-populated\">\n\t\t\t\t\t\t<div class=\"elementor-element elementor-element-8bcf685 elementor-widget__width-auto elementor-widget elementor-widget-image\" data-id=\"8bcf685\" data-element_type=\"widget\" data-e-type=\"widget\" data-widget_type=\"image.default\">\n\t\t\t\t<div class=\"elementor-widget-container\">\n\t\t\t\t\t\t\t\t\t\t\t\t\t\t\t<img decoding=\"async\" width=\"40\" height=\"41\" src=\"http:\/\/hrlytic.net\/wp-content\/uploads\/2024\/03\/faqhand.png\" class=\"attachment-full size-full wp-image-464\" alt=\"\" \/>\t\t\t\t\t\t\t\t\t\t\t\t\t\t\t<\/div>\n\t\t\t\t<\/div>\n\t\t\t\t<div class=\"elementor-element elementor-element-a39246b elementor-widget__width-auto elementor-widget elementor-widget-heading\" data-id=\"a39246b\" data-element_type=\"widget\" data-e-type=\"widget\" data-widget_type=\"heading.default\">\n\t\t\t\t<div class=\"elementor-widget-container\">\n\t\t\t\t\t<h1 class=\"elementor-heading-title elementor-size-default\">Centro assistenza<\/h1>\t\t\t\t<\/div>\n\t\t\t\t<\/div>\n\t\t\t\t<div class=\"elementor-element elementor-element-fcb571a elementor-widget__width-initial elementor-widget-mobile__width-inherit elementor-widget elementor-widget-text-editor\" data-id=\"fcb571a\" data-element_type=\"widget\" data-e-type=\"widget\" data-widget_type=\"text-editor.default\">\n\t\t\t\t<div class=\"elementor-widget-container\">\n\t\t\t\t\t\t\t\t\t<p>Siamo lieti di avervi qui a cercare la risposta.<\/p>\n\t\t\t\t\t\t\t\t<\/div>\n\t\t\t\t<\/div>\n\t\t\t\t<div class=\"elementor-element elementor-element-873a9bb elementor-widget__width-auto elementor-widget elementor-widget-text-editor\" data-id=\"873a9bb\" data-element_type=\"widget\" data-e-type=\"widget\" data-widget_type=\"text-editor.default\">\n\t\t\t\t<div class=\"elementor-widget-container\">\n\t\t\t\t\t\t\t\t\t<p>Se non trovate le risposte alle vostre domande, potete <span style=\"text-decoration: underline;\">contattarci<\/span>.<\/p>\n\t\t\t\t\t\t\t\t<\/div>\n\t\t\t\t<\/div>\n\t\t\t\t\t<\/div>\n\t\t<\/div>\n\t\t\t\t\t<\/div>\n\t\t<\/section>\n\t\t\t\t<section class=\"elementor-section elementor-top-section elementor-element elementor-element-2064908 elementor-section-boxed elementor-section-height-default elementor-section-height-default\" data-id=\"2064908\" data-element_type=\"section\" data-e-type=\"section\" data-settings=\"{&quot;background_background&quot;:&quot;classic&quot;}\">\n\t\t\t\t\t\t<div class=\"elementor-container elementor-column-gap-default\">\n\t\t\t\t\t<div class=\"elementor-column elementor-col-100 elementor-top-column elementor-element elementor-element-a02ffcc\" data-id=\"a02ffcc\" data-element_type=\"column\" data-e-type=\"column\">\n\t\t\t<div class=\"elementor-widget-wrap elementor-element-populated\">\n\t\t\t\t\t\t<div class=\"elementor-element elementor-element-69b577d elementor-widget elementor-widget-heading\" data-id=\"69b577d\" data-element_type=\"widget\" data-e-type=\"widget\" data-widget_type=\"heading.default\">\n\t\t\t\t<div class=\"elementor-widget-container\">\n\t\t\t\t\t<h2 class=\"elementor-heading-title elementor-size-default\">DOMANDE E RISPOSTE<\/h2>\t\t\t\t<\/div>\n\t\t\t\t<\/div>\n\t\t<div class=\"elementor-element elementor-element-b11054f e-con-full e-flex e-con e-parent\" data-id=\"b11054f\" data-element_type=\"container\" data-e-type=\"container\">\n\t\t<div class=\"elementor-element elementor-element-ef7f726 e-con-full e-flex e-con e-child\" data-id=\"ef7f726\" data-element_type=\"container\" data-e-type=\"container\">\n\t\t\t\t<div class=\"elementor-element elementor-element-e8d1c56 elementor-widget elementor-widget-heading\" data-id=\"e8d1c56\" data-element_type=\"widget\" data-e-type=\"widget\" data-widget_type=\"heading.default\">\n\t\t\t\t<div class=\"elementor-widget-container\">\n\t\t\t\t\t<h2 class=\"elementor-heading-title elementor-size-default\">Non ci sono domande sciocche: chiedete pure, siamo tutti in ascolto.<\/h2>\t\t\t\t<\/div>\n\t\t\t\t<\/div>\n\t\t\t\t<\/div>\n\t\t<div class=\"elementor-element elementor-element-344ac66 e-con-full e-flex e-con e-child\" data-id=\"344ac66\" data-element_type=\"container\" data-e-type=\"container\">\n\t\t\t\t<div class=\"elementor-element elementor-element-6636197 elementor-widget__width-inherit elementor-widget-tablet__width-inherit elementor-widget-mobile__width-inherit elementor-widget elementor-widget-text-editor\" data-id=\"6636197\" data-element_type=\"widget\" data-e-type=\"widget\" data-widget_type=\"text-editor.default\">\n\t\t\t\t<div class=\"elementor-widget-container\">\n\t\t\t\t\t\t\t\t\t<p>Siamo consapevoli che la scelta di una nuova piattaforma HR pu\u00f2 essere una decisione impegnativa. Ecco alcune delle domande pi\u00f9 frequenti per aiutarvi a determinare se HRLYTIC \u00e8 adatto alle vostre esigenze.<\/p>\n\t\t\t\t\t\t\t\t<\/div>\n\t\t\t\t<\/div>\n\t\t\t\t<\/div>\n\t\t\t\t<\/div>\n\t\t\t\t\t<\/div>\n\t\t<\/div>\n\t\t\t\t\t<\/div>\n\t\t<\/section>\n\t\t<div class=\"elementor-element elementor-element-326124f e-flex e-con-boxed e-con e-parent\" data-id=\"326124f\" data-element_type=\"container\" data-e-type=\"container\" data-settings=\"{&quot;background_background&quot;:&quot;classic&quot;}\">\n\t\t\t\t\t<div class=\"e-con-inner\">\n\t\t\t\t<div class=\"elementor-element elementor-element-f4ea952 elementor-widget elementor-widget-elementskit-accordion\" data-id=\"f4ea952\" data-element_type=\"widget\" data-e-type=\"widget\" data-widget_type=\"elementskit-accordion.default\">\n\t\t\t\t<div class=\"elementor-widget-container\">\n\t\t\t\t\t<div class=\"ekit-wid-con\" >\n        <div class=\"elementskit-accordion accoedion-primary\" id=\"accordion-69e3225a5910a\">\n\n            \n                <div class=\"elementskit-card active\">\n                    <div class=\"elementskit-card-header\" id=\"primaryHeading-0-f4ea952\">\n                        <a href=\"#collapse-d32a1c769e3225a5910a\" class=\"ekit-accordion--toggler elementskit-btn-link collapsed\" data-ekit-toggle=\"collapse\" data-target=\"#Collapse-d32a1c769e3225a5910a\" aria-expanded=\"true\" aria-controls=\"Collapse-d32a1c769e3225a5910a\">\n                            \n                            <span class=\"ekit-accordion-title\">Devo acquistare una nuova piattaforma per il reporting?<\/span>\n\n                            \n                                <div class=\"ekit_accordion_icon_group\">\n                                    <div class=\"ekit_accordion_normal_icon\">\n                                        <!-- Normal Icon -->\n\t\t\t\t\t\t\t\t\t\t<i class=\"xlmetriz metriz-arrow-down\"><\/i>                                    <\/div>\n\n                                    <div class=\"ekit_accordion_active_icon\">\n                                        <!-- Active Icon -->\n\t\t\t\t\t\t\t\t\t\t<i class=\"xlmetriz metriz-arrow-up\"><\/i>                                    <\/div>\n                                <\/div>\n\n                            \n                                                    <\/a>\n                    <\/div>\n\n                    <div id=\"Collapse-d32a1c769e3225a5910a\" class=\" show collapse\" aria-labelledby=\"primaryHeading-0-f4ea952\" data-parent=\"#accordion-69e3225a5910a\">\n\n                        <div class=\"elementskit-card-body ekit-accordion--content\">\n                            <p>Non \u00e8 necessario acquistare una nuova piattaforma. Grazie all'infrastruttura di database flessibile di HRLytic, \u00e8 possibile adattarsi facilmente a molti prodotti di Business Intelligence.<\/p>\n                        <\/div>\n\n                    <\/div>\n\n                <\/div><!-- .elementskit-card END -->\n\n                \n                <div class=\"elementskit-card \">\n                    <div class=\"elementskit-card-header\" id=\"primaryHeading-1-f4ea952\">\n                        <a href=\"#collapse-104728369e3225a5910a\" class=\"ekit-accordion--toggler elementskit-btn-link collapsed\" data-ekit-toggle=\"collapse\" data-target=\"#Collapse-104728369e3225a5910a\" aria-expanded=\"false\" aria-controls=\"Collapse-104728369e3225a5910a\">\n                            \n                            <span class=\"ekit-accordion-title\">Il nostro dipartimento Risorse Umane serve pi\u00f9 aziende. Posso vedere tutti i dati di tutte le aziende in un unico posto?<\/span>\n\n                            \n                                <div class=\"ekit_accordion_icon_group\">\n                                    <div class=\"ekit_accordion_normal_icon\">\n                                        <!-- Normal Icon -->\n\t\t\t\t\t\t\t\t\t\t<i class=\"xlmetriz metriz-arrow-down\"><\/i>                                    <\/div>\n\n                                    <div class=\"ekit_accordion_active_icon\">\n                                        <!-- Active Icon -->\n\t\t\t\t\t\t\t\t\t\t<i class=\"xlmetriz metriz-arrow-up\"><\/i>                                    <\/div>\n                                <\/div>\n\n                            \n                                                    <\/a>\n                    <\/div>\n\n                    <div id=\"Collapse-104728369e3225a5910a\" class=\" collapse\" aria-labelledby=\"primaryHeading-1-f4ea952\" data-parent=\"#accordion-69e3225a5910a\">\n\n                        <div class=\"elementskit-card-body ekit-accordion--content\">\n                            <p>S\u00ec, \u00e8 possibile accedere ai dati e generare report da un'unica postazione, anche se si hanno pi\u00f9 aziende.<\/p>\n                        <\/div>\n\n                    <\/div>\n\n                <\/div><!-- .elementskit-card END -->\n\n                \n                <div class=\"elementskit-card \">\n                    <div class=\"elementskit-card-header\" id=\"primaryHeading-2-f4ea952\">\n                        <a href=\"#collapse-80f5a6869e3225a5910a\" class=\"ekit-accordion--toggler elementskit-btn-link collapsed\" data-ekit-toggle=\"collapse\" data-target=\"#Collapse-80f5a6869e3225a5910a\" aria-expanded=\"false\" aria-controls=\"Collapse-80f5a6869e3225a5910a\">\n                            \n                            <span class=\"ekit-accordion-title\">Posso portare con me dati e grafici da utilizzare nelle presentazioni HR?<\/span>\n\n                            \n                                <div class=\"ekit_accordion_icon_group\">\n                                    <div class=\"ekit_accordion_normal_icon\">\n                                        <!-- Normal Icon -->\n\t\t\t\t\t\t\t\t\t\t<i class=\"xlmetriz metriz-arrow-down\"><\/i>                                    <\/div>\n\n                                    <div class=\"ekit_accordion_active_icon\">\n                                        <!-- Active Icon -->\n\t\t\t\t\t\t\t\t\t\t<i class=\"xlmetriz metriz-arrow-up\"><\/i>                                    <\/div>\n                                <\/div>\n\n                            \n                                                    <\/a>\n                    <\/div>\n\n                    <div id=\"Collapse-80f5a6869e3225a5910a\" class=\" collapse\" aria-labelledby=\"primaryHeading-2-f4ea952\" data-parent=\"#accordion-69e3225a5910a\">\n\n                        <div class=\"elementskit-card-body ekit-accordion--content\">\n                            <p>S\u00ec, \u00e8 possibile esportare facilmente i dati e i grafici dei report in un formato di presentazione e utilizzarli nelle presentazioni.<\/p>\n                        <\/div>\n\n                    <\/div>\n\n                <\/div><!-- .elementskit-card END -->\n\n                \n                <div class=\"elementskit-card \">\n                    <div class=\"elementskit-card-header\" id=\"primaryHeading-3-f4ea952\">\n                        <a href=\"#collapse-acf70b469e3225a5910a\" class=\"ekit-accordion--toggler elementskit-btn-link collapsed\" data-ekit-toggle=\"collapse\" data-target=\"#Collapse-acf70b469e3225a5910a\" aria-expanded=\"false\" aria-controls=\"Collapse-acf70b469e3225a5910a\">\n                            \n                            <span class=\"ekit-accordion-title\">In che modo HRLYTIC pu\u00f2 aiutarmi a identificare e risolvere i gap di competenze all&#039;interno della mia forza lavoro?<\/span>\n\n                            \n                                <div class=\"ekit_accordion_icon_group\">\n                                    <div class=\"ekit_accordion_normal_icon\">\n                                        <!-- Normal Icon -->\n\t\t\t\t\t\t\t\t\t\t<i class=\"xlmetriz metriz-arrow-down\"><\/i>                                    <\/div>\n\n                                    <div class=\"ekit_accordion_active_icon\">\n                                        <!-- Active Icon -->\n\t\t\t\t\t\t\t\t\t\t<i class=\"xlmetriz metriz-arrow-up\"><\/i>                                    <\/div>\n                                <\/div>\n\n                            \n                                                    <\/a>\n                    <\/div>\n\n                    <div id=\"Collapse-acf70b469e3225a5910a\" class=\" collapse\" aria-labelledby=\"primaryHeading-3-f4ea952\" data-parent=\"#accordion-69e3225a5910a\">\n\n                        <div class=\"elementskit-card-body ekit-accordion--content\">\n                            <p>HRLYTIC pu\u00f2 aiutarvi a identificare e ad affrontare i gap di competenze all'interno della vostra forza lavoro, fornendovi informazioni sulle abilit\u00e0 e sulle competenze dei vostri dipendenti. Queste informazioni possono essere utilizzate per sviluppare e implementare programmi di formazione e sviluppo per colmare eventuali carenze di competenze.<\/p>\n                        <\/div>\n\n                    <\/div>\n\n                <\/div><!-- .elementskit-card END -->\n\n                \n                <div class=\"elementskit-card \">\n                    <div class=\"elementskit-card-header\" id=\"primaryHeading-4-f4ea952\">\n                        <a href=\"#collapse-97aecb969e3225a5910a\" class=\"ekit-accordion--toggler elementskit-btn-link collapsed\" data-ekit-toggle=\"collapse\" data-target=\"#Collapse-97aecb969e3225a5910a\" aria-expanded=\"false\" aria-controls=\"Collapse-97aecb969e3225a5910a\">\n                            \n                            <span class=\"ekit-accordion-title\">Come pu\u00f2 HRLYTIC aiutarmi a rispettare le normative sulle risorse umane?<\/span>\n\n                            \n                                <div class=\"ekit_accordion_icon_group\">\n                                    <div class=\"ekit_accordion_normal_icon\">\n                                        <!-- Normal Icon -->\n\t\t\t\t\t\t\t\t\t\t<i class=\"xlmetriz metriz-arrow-down\"><\/i>                                    <\/div>\n\n                                    <div class=\"ekit_accordion_active_icon\">\n                                        <!-- Active Icon -->\n\t\t\t\t\t\t\t\t\t\t<i class=\"xlmetriz metriz-arrow-up\"><\/i>                                    <\/div>\n                                <\/div>\n\n                            \n                                                    <\/a>\n                    <\/div>\n\n                    <div id=\"Collapse-97aecb969e3225a5910a\" class=\" collapse\" aria-labelledby=\"primaryHeading-4-f4ea952\" data-parent=\"#accordion-69e3225a5910a\">\n\n                        <div class=\"elementskit-card-body ekit-accordion--content\">\n                            <p>HRLYTIC pu\u00f2 aiutarvi a rispettare le normative sulle risorse umane, fornendo approfondimenti sui dati della vostra forza lavoro e identificando le potenziali aree di non conformit\u00e0. Queste informazioni possono essere utilizzate per intraprendere azioni correttive e garantire che la vostra organizzazione sia conforme a tutte le normative HR pertinenti.<\/p>\n                        <\/div>\n\n                    <\/div>\n\n                <\/div><!-- .elementskit-card END -->\n\n                                        <\/div>\n    <\/div>\t\t\t\t<\/div>\n\t\t\t\t<\/div>\n\t\t\t\t\t<\/div>\n\t\t\t\t<\/div>\n\t\t\t\t<\/div>\n\t\t","protected":false},"excerpt":{"rendered":"<p>Risorse FAQ Centro assistenza Siamo lieti di avervi qui a cercare la risposta. Se non trovate le risposte alle vostre domande, potete contattarci. DOMANDE E RISPOSTE Non ci sono domande sciocche: chiedete pure, siamo tutti in ascolto. Siamo consapevoli che la scelta di una nuova piattaforma HR pu\u00f2 essere una decisione impegnativa. Ecco alcune delle [&hellip;]<\/p>\n","protected":false},"author":1,"featured_media":0,"parent":0,"menu_order":0,"comment_status":"closed","ping_status":"closed","template":"","meta":{"footnotes":""},"class_list":["post-546","page","type-page","status-publish","hentry"],"_links":{"self":[{"href":"http:\/\/hrlytic.net\/it\/wp-json\/wp\/v2\/pages\/546","targetHints":{"allow":["GET"]}}],"collection":[{"href":"http:\/\/hrlytic.net\/it\/wp-json\/wp\/v2\/pages"}],"about":[{"href":"http:\/\/hrlytic.net\/it\/wp-json\/wp\/v2\/types\/page"}],"author":[{"embeddable":true,"href":"http:\/\/hrlytic.net\/it\/wp-json\/wp\/v2\/users\/1"}],"replies":[{"embeddable":true,"href":"http:\/\/hrlytic.net\/it\/wp-json\/wp\/v2\/comments?post=546"}],"version-history":[{"count":0,"href":"http:\/\/hrlytic.net\/it\/wp-json\/wp\/v2\/pages\/546\/revisions"}],"wp:attachment":[{"href":"http:\/\/hrlytic.net\/it\/wp-json\/wp\/v2\/media?parent=546"}],"curies":[{"name":"wp","href":"https:\/\/api.w.org\/{rel}","templated":true}]}}